{"id":3,"date":"2019-01-29T17:32:23","date_gmt":"2019-01-29T17:32:23","guid":{"rendered":"http:\/\/lausengier.com\/?page_id=3"},"modified":"2025-03-21T12:20:10","modified_gmt":"2025-03-21T12:20:10","slug":"politica-privacitat","status":"publish","type":"page","link":"https:\/\/www.lausengier.com\/ca\/politica-privacitat\/","title":{"rendered":"Politica de privacitat"},"content":{"rendered":"<div class=\"wpb-content-wrapper\"><div data-parent=\"true\" class=\"vc_row row-container boomapps_vcrow\" id=\"row-unique-0\"><div class=\"row limit-width row-parent\"><div class=\"wpb_row row-inner\"><div class=\"wpb_column pos-top pos-center align_left column_parent col-lg-12 boomapps_vccolumn single-internal-gutter\"><div class=\"uncol style-light\"  ><div class=\"uncoltable\"><div class=\"uncell  boomapps_vccolumn no-block-padding\" ><div class=\"uncont\" ><div class=\"uncode_text_column\" ><\/p>\n<p style=\"text-align: center;\" class=\"translation-block\"><b>AVISO LEGAL I POL\u00cdTICA DE PRIVACITAT <\/b><em>\u00daltima actualitzaci\u00f3: octubre de 2018<\/em><\/p>\n<p style=\"text-align: justify;\"><span style=\"font-size: 110%;\">Lausengier, S.L (d&#8217;ara endavant, Lausengier, S.L) manifesta el seu comprom\u00eds de complir amb la legislaci\u00f3 vigent a cada moment en mat\u00e8ria de protecci\u00f3 de dades, concretament amb la Llei org\u00e0nica 15\/1999, de 13 de desembre, de Protecci\u00f3 de Dades de Car\u00e0cter Personal; el Decret 1720\/2007, de 21 de desembre, que aprova el Reglament de desenvolupament de la Llei org\u00e0nica 15\/1999; el Reglament (UE) 2016\/679 del Parlament Europeu i del Consell, de 27 d&#8217;abril de 2016, i altra legislaci\u00f3 aplicable. De conformitat amb l&#8217;article 5 de la Llei 15\/1999, de 13 de desembre, de Protecci\u00f3 de Dades de Car\u00e0cter Personal, s&#8217;informa els Usuaris que les dades de car\u00e0cter personal que siguin facilitats en la Plataforma seran objecte de tractament automatitzat i passaran a formar part dels fitxers titularitat de Lausengier, S.L, com a responsable del fitxers degudament inscrit en el Registre General de l&#8217;Ag\u00e8ncia Andorrana de Protecci\u00f3 de Dades, per a les finalitats pr\u00f2pies de gesti\u00f3 d&#8217;Usuaris registrats en la Plataforma de Lausengier.com.<\/span><\/p>\n<table class=\"Taula1\" border=\"0\" cellspacing=\"0\" cellpadding=\"0\">\n<colgroup>\n<col width=\"211\" \/>\n<col width=\"478\" \/><\/colgroup>\n<tbody>\n<tr class=\"Taula11\">\n<td class=\"Taula1_A1\" style=\"text-align: left; width: 4.824cm;\" colspan=\"2\">\n<p class=\"P8\" style=\"text-align: center;\"><strong><span class=\"T1\">Informaci\u00f3 b\u00e0sica sobre Protecci\u00f3 de Dades<\/span><\/strong><\/p>\n<\/td>\n<\/tr>\n<tr class=\"Taula11\">\n<td class=\"Taula1_A1\" style=\"text-align: left; width: 4.824cm;\">\n<p class=\"Standard\"><strong><span class=\"T1\">Responsable del tractament<\/span><\/strong><\/p>\n<\/td>\n<td class=\"Taula1_A1\" style=\"text-align: left; width: 10.94cm;\">\n<p class=\"Standard\"><span class=\"T16\">LAUSENGIER, S.L. <\/span><span class=\"T1\">NIF: L-711180-X<\/span><\/p>\n<\/td>\n<\/tr>\n<tr class=\"Taula11\">\n<td class=\"Taula1_A1\" style=\"text-align: left; width: 4.824cm;\">\n<p class=\"Standard\"><strong><span class=\"T1\">Finalitat del tractament<\/span><\/strong><\/p>\n<\/td>\n<td class=\"Taula1_A1\" style=\"text-align: left; width: 10.94cm;\">\n<p class=\"Standard\"><span class=\"T1\">Gesti\u00f3 y prestaci\u00f3 de serveis sol\u00b7licitats.<\/span><\/p>\n<\/td>\n<\/tr>\n<tr class=\"Taula11\">\n<td class=\"Taula1_A1\" style=\"text-align: left; width: 4.824cm;\">\n<p class=\"Standard\"><strong><span class=\"T1\">Legitimaci\u00f3 del tractament<\/span><\/strong><\/p>\n<\/td>\n<td class=\"Taula1_A1\" style=\"text-align: left; width: 10.94cm;\">\n<p class=\"Standard\"><span class=\"T1\">Cumplimentaci\u00f3 de formularis Plataforma, Registre d&#8217;usuaris i \u00fas del servei.<\/span><\/p>\n<\/td>\n<\/tr>\n<tr class=\"Taula11\">\n<td class=\"Taula1_A1\" style=\"text-align: left; width: 4.824cm;\">\n<p class=\"Standard\"><strong><span class=\"T1\">Destinataris de cesions o transfer\u00e8ncies<\/span><\/strong><\/p>\n<\/td>\n<td class=\"Taula1_A1\" style=\"text-align: left; width: 10.94cm;\">\n<p class=\"Standard\"><span class=\"T1\">No es preveuen cessions de dades a terceres persones o entitats.<\/span><\/p>\n<\/td>\n<\/tr>\n<tr class=\"Taula11\">\n<td class=\"Taula1_A1\" style=\"text-align: left; width: 4.824cm;\">\n<p class=\"Standard\"><strong><span class=\"T1\">Drets<\/span><\/strong><\/p>\n<\/td>\n<td class=\"Taula1_A1\" style=\"text-align: left; width: 10.94cm;\">\n<p class=\"P19\">Accedir, rectificar i cancel\u00b7lar les dades, aix\u00ed com altres drets, com s&#8217;explica en la informaci\u00f3 addicional.<\/p>\n<\/td>\n<\/tr>\n<tr class=\"Taula11\">\n<td class=\"Taula1_A1\" style=\"text-align: left; width: 4.824cm;\" colspan=\"2\">\n<div class=\"Standard\"><\/div>\n<p class=\"P1\">\n<\/td>\n<\/tr>\n<\/tbody>\n<\/table>\n<p style=\"text-align: justify;\"><span style=\"font-size: 110%;\">D&#8217;acord amb la legislaci\u00f3 aplicable, a continuaci\u00f3, es detalla la Pol\u00edtica de Privacitat que la Lausengier, S.L utilitza en el tractament de les dades dels Usuaris que es registren a trav\u00e9s de Lausengier, S.l.fr (d&#8217;ara endavant la Plataforma).Qui \u00e9s el responsable de les Dades que vost\u00e8 ens facilita? Tota la informaci\u00f3 personal que faciliti o es reculli a trav\u00e9s de la Plataforma, ser\u00e0 tractada per:<\/span><\/p>\n<table>\n<tbody>\n<tr class=\"Taula21\">\n<td class=\"Taula2_A1\" style=\"text-align: left; width: 3.489cm;\" colspan=\"2\">\n<p class=\"P14\"><strong><span class=\"T1\">Responsable del tractament de dades<\/span><\/strong><\/p>\n<\/td>\n<\/tr>\n<tr class=\"Taula22\">\n<td class=\"Taula2_A1\" style=\"text-align: left; width: 3.489cm;\">\n<p class=\"P15\"><strong><span class=\"T2\">Responsable<\/span><\/strong><\/p>\n<\/td>\n<td class=\"Taula2_A1\" style=\"text-align: left; width: 8.098cm;\">\n<p class=\"P15\"><span class=\"T2\"> <span class=\"T16\">LAUSENGIER, S.L. <\/span><span class=\"T1\">NRT: L-711180-X<\/span><\/span><\/p>\n<\/td>\n<\/tr>\n<tr class=\"Taula22\">\n<td class=\"Taula2_A1\" style=\"text-align: left; width: 3.489cm;\">\n<p class=\"P15\"><strong><span class=\"T2\">Adre\u00e7a Postal<\/span><\/strong><\/p>\n<\/td>\n<td class=\"Taula2_A1\" style=\"text-align: left; width: 8.098cm;\">\n<p class=\"P15\"><span class=\"T2\">\u00a0<\/span>C\/ Prat de Verd\u00fa 005, 2B, AD400, Arinsal (Andorra)<\/p>\n<\/td>\n<\/tr>\n<tr class=\"Taula21\">\n<td class=\"Taula2_A1\" style=\"text-align: left; width: 3.489cm;\">\n<p class=\"P15\"><strong><span class=\"T2\">Tel\u00e8fon<\/span><\/strong><\/p>\n<\/td>\n<td class=\"Taula2_A1\" style=\"text-align: left; width: 8.098cm;\">\n<p class=\"P16\"><span class=\"T7\">+(376)352023<\/span><\/p>\n<\/td>\n<\/tr>\n<tr class=\"Taula21\">\n<td class=\"Taula2_A1\" style=\"text-align: left; width: 3.489cm;\">\n<p class=\"P15\"><strong><span class=\"T2\">Correu electr\u00f2nic<\/span><\/strong><\/p>\n<\/td>\n<td class=\"Taula2_A1\" style=\"text-align: left; width: 8.098cm;\">\n<p class=\"P15\"><span class=\"T2\">lausengier.com\/contacte<\/span><\/p>\n<\/td>\n<\/tr>\n<\/tbody>\n<\/table>\n<p style=\"text-align: justify;\" class=\"translation-block\"><span style=\"font-size: 110%;\"><strong>I. Quina \u00e9s la legitimaci\u00f3 per al tractament de les seves dades? <\/strong>La base legal per al tractament de les dades \u00e9s el contacte per qualsevol de les vies disponibles en la Plataforma (formularis, e-mail contacto), l\u2019execuci\u00f3 del registre de l\u2019Usuari en la Plataforma i el posterior \u00fas que l\u2019Usuari pugui fer d\u2019aquesta.<\/span><\/p>\n<p style=\"text-align: justify;\"><span style=\"font-size: 110%;\"><strong> II. \u00bfQuina informaci\u00f3 recopila Lausengier, S.L? <\/strong>La informaci\u00f3 que rebem en la Plataforma per part dels Usuaris es recopila com exposem a continuaci\u00f3. a) Informaci\u00f3 que els Usuaris ens faciliten directament: Lausengier, S.L recopila i emmagatzema certa informaci\u00f3 que l&#8217;Usuari introdueix en la Plataforma o que la facilita de qualsevol altra manera: Dades de Registre: la informaci\u00f3 que l&#8217;Usuari ens facilita quan es crea un compte en la Plataforma. Aix\u00f2 \u00e9s, el nom de l&#8217;Usuari, el correu electr\u00f2nic, domicili\u2026etc. Informaci\u00f3 del Perfil de l&#8217;Usuari: la informaci\u00f3 que l&#8217;Usuari afegeix en la Plataforma a l&#8217;efecte de poder utilitzar el Servei. L&#8217;Usuari pot veure i editar les dades personals del seu perfil quan estimi oport\u00fa. Dades del compte de l&#8217;Usuari: la informaci\u00f3 de les comandes realitzades per part de l&#8217;Usuari. Informaci\u00f3 addicional que l&#8217;Usuari vol compartir: la informaci\u00f3 que podria facilitar l&#8217;Usuari a Lausengier, S.L amb altres finalitats. Per exemple, l&#8217;adre\u00e7a de facturaci\u00f3, en cas de sol\u00b7licitar rebre factures de Lausengier, S.L. b) Informaci\u00f3 que els Usuaris ens faciliten indirectament: Dades derivades de l&#8217;\u00das de la Plataforma: Lausengier, S.L recol\u00b7lecta les dades derivades de l&#8217;\u00das de la Plataforma per part de l&#8217;Usuari cada vegada que aquest interactua amb la Plataforma. Dades del dispositiu: Lausengier, S.L emmagatzema les dades del dispositiu de connexi\u00f3 que l&#8217;Usuari utilitza per a accedir al Servei. Aquests s\u00f3n: Adre\u00e7a IP d&#8217;Internet que utilitza l&#8217;Usuari per a connectar-se a Internet amb el seu ordinador o m\u00f2bil, informaci\u00f3 del seu ordinador o m\u00f2bil, connexi\u00f3 a Internet, el seu tipus de navegador, la versi\u00f3 i el sistema operatiu, i el tipus de dispositiu, el clickstream complet de localitzadors de recursos Uniformes (URL), incloent la data i l&#8217;hora, el n\u00famero de \u201ccookie\u201d de l&#8217;Usuari, l&#8217;historial de navegaci\u00f3 i les prefer\u00e8ncies de l&#8217;Usuari. Dades derivades de l&#8217;origen de l&#8217;Usuari: si l&#8217;Usuari arriba a la Plataforma de Lausengier, S.L a trav\u00e9s d&#8217;una font externa (com seria per exemple un enlla\u00e7 d&#8217;una altra p\u00e0gina web o d&#8217;una xarxa social), Lausengier, S.L recopila les dades de la font de la qual procedeix l&#8217;Usuari. Dades derivades de les \u201ccookies\u201d: Lausengier, S.L utilitza cookies pr\u00f2pies i de tercers per a facilitar la navegaci\u00f3 als seus Usuaris amb finalitats estad\u00edstics. Dades derivades de tercers externs: Lausengier, S.L podria recopilar informaci\u00f3 o dades de car\u00e0cter personal de tercers externs \u00fanicament si l&#8217;Usuari autoritza aquests tercers a compartir la informaci\u00f3.<\/span><\/p>\n<p style=\"text-align: justify;\"><span style=\"font-size: 110%;\"><strong>III. \u00bfAmb quina finalitat es recopilen les dades?<\/strong> 1.- Lausengier, S.L utilitza les dades que recopila dels Usuaris per a prestar el Servei que sol\u00b7liciti l&#8217;Usuari a trav\u00e9s del seu compte en la Plataforma, segons el mecanisme descrit en els \u201cTermes d&#8217;\u00das\u201d. 2.- Lausengier, S.L tamb\u00e9 utilitza la informaci\u00f3 per a investigar i analitzar com millorar els serveis que presta als Usuaris, aix\u00ed com per a desenvolupar i millorar les caracter\u00edstiques del servei que ofereix. 3.- Lausengier, S.L tamb\u00e9 pot utilitzar la informaci\u00f3 dels Usuaris amb el prop\u00f2sit de detectar i investigar fraus, aix\u00ed com altres activitats il\u00b7legals i trencaments potencials dels nostres \u201cTermes d&#8217;\u00das\u201d. 4.- Internament, Lausengier, S.L utilitza la informaci\u00f3 amb finalitats estad\u00edstics a l&#8217;efecte d&#8217;analitzar el comportament i les tend\u00e8ncies dels Usuaris, de comprendre com els Usuaris utilitzen la Plataforma, i de gestionar i millorar els serveis oferts, incloent la possibilitat d&#8217;afegir nous distintius. 5.-Aix\u00ed mateix, Lausengier, S.L podr\u00e0 utilitzar les dades personals que l&#8217;Usuari li facilita per a realitzar comunicacions via correu electr\u00f2nic i\/o enviar SMS a l&#8217;Usuari sobre l&#8217;operativa del servei. Lausengier, S.L enviar\u00e0 missatges a l&#8217;Usuari amb informaci\u00f3 relativa a l&#8217;estat de la comanda sol\u00b7licitada, i una vegada aquest hagi acabat, Lausengier, S.L enviar\u00e0 un resum\/rebo de la comanda i del preu del mateix al correu electr\u00f2nic de l&#8217;Usuari. En registrar-se en la Plataforma s&#8217;entendr\u00e0 que l&#8217;Usuari accepta la present Pol\u00edtica de Privacitat i que, per tant, autoritza la Lausengier, S.L per a realitzar totes dues comunicacions. 6.- D&#8217;altra banda, Lausengier, S.L, amb el consentiment de l&#8217;Usuari, podr\u00e0 enviar al correu electr\u00f2nic dels Usuaris missatges promocionals i\/o ofertes relatives al Servei. Si l&#8217;Usuari desitja no rebre la citada informaci\u00f3 i\/o comunicacions comercials, els Usuaris podran optar en qualsevol moment a l&#8217;opci\u00f3 de \u201cCancel\u00b7lar la subscripci\u00f3\u201d en el propi correu electr\u00f2nic, i conseq\u00fcentment, Lausengier, S.L cessar\u00e0 immediatament en l&#8217;enviament de la citada informaci\u00f3. 7.- Si l&#8217;Usuari connecta el seu compte a una altra xarxa social o a la web d&#8217;un tercer, Lausengier, S.L podria utilitzar la informaci\u00f3 cedida a aquesta xarxa social o tercer, sempre que aquesta informaci\u00f3 s&#8217;hagi posat a la disposici\u00f3 de Lausengier, S.L amb el consentiment de l&#8217;Usuari.<\/span><\/p>\n<p style=\"text-align: justify;\"><span style=\"font-size: 110%;\"><strong> IV. \u00bfPer quant temps conservarem les seves dades? <\/strong>Les dades personals proporcionades es conservaran mentre no se sol\u00b7liciti la seva supressi\u00f3 per l&#8217;interessat durant un termini de 24 mesos des de l&#8217;\u00faltima interacci\u00f3.<\/span><\/p>\n<p style=\"text-align: justify;\"><span style=\"font-size: 110%;\"><strong> V. \u00bfComparteix Lausengier, S.L la informaci\u00f3 que recopila?<\/strong> Les dades de car\u00e0cter personal que Lausengier, S.L recopili seran exclusivament utilitzats per a la consecuci\u00f3 de l&#8217;objecte definit en els \u201cTermes d&#8217;\u00das\u201d. Lausengier, S.L no cedir\u00e0 les seves dades a altres companyies excepte que compti amb el consentiment previ i expr\u00e9s de l&#8217;Usuari. En tot moment, l&#8217;\u00fanic destinatari de la informaci\u00f3 continguda en les dades de car\u00e0cter personal de l&#8217;Usuari ser\u00e0 la Lausengier, S.L, a excepci\u00f3 que l&#8217;Usuari, volunt\u00e0riament, i aix\u00ed ho manifesti de forma expressa, desitgi, la divulgaci\u00f3 d&#8217;aquesta informaci\u00f3 personal a trav\u00e9s dels mitjans de qu\u00e8 disposa la Plataforma, amb vista a poder-li prestar-li determinats serveis relacionats amb el Servei.<\/span><\/p>\n<p style=\"text-align: justify;\"><span style=\"font-size: 110%;\"><strong> VI. \u00bfQuins drets tenen els Usuaris?<\/strong> Lausengier, S.L d\u00f3na a l&#8217;Usuari acc\u00e9s a una gran quantitat d&#8217;informaci\u00f3 sobre el seu compte i les seves operacions en la Plataforma perqu\u00e8 pugui veure, i en certs casos, actualitzar aquesta informaci\u00f3. Tot Usuari podr\u00e0 accedir al perfil de l&#8217;Usuari i completar-lo i\/o editar-lo segons estimi convenient. La informaci\u00f3 i dades facilitades per l&#8217;Usuari estaran en tot moment disponibles en el compte de l&#8217;Usuari i podran ser modificats per l&#8217;Usuari a trav\u00e9s de l&#8217;opci\u00f3 editar perfil. L&#8217;Usuari podr\u00e0 exercir els seus drets d&#8217;acc\u00e9s, rectificaci\u00f3, cancel\u00b7laci\u00f3 i oposici\u00f3, tenint en compte que l&#8217;exercici dels mateixos \u00e9s personal\u00edssim, per la qual cosa ser\u00e0 necessari que l&#8217;afectat acrediti la seva identitat. L&#8217;exercici d&#8217;aquests drets haur\u00e0 de realitzar-se per escrit signat pel titular de les dades, amb indicaci\u00f3 del seu domicili, adjuntant c\u00f2pia del seu Document Nacional d&#8217;Identitat o un altre document acreditatiu, dirigint-se al correu electr\u00f2nic de contacte de Lausengier, S.L. Com s&#8217;ha indicat anteriorment, si l&#8217;Usuari desitja deixar de rebre correus electr\u00f2nics de Lausengier, S.L podr\u00e0 ajustar les seves subscripcions en la safata de correu electr\u00f2nic i pressionar el bot\u00f3 \u201cCancel\u00b7lar la Subscripci\u00f3\u201d.<\/span><\/p>\n<p style=\"text-align: justify;\"><span style=\"font-size: 110%;\"><strong> VII. \u00bfCom protegim les dades dels Usuaris? <\/strong>Lausengier, S.L ha adoptat les mesures necess\u00e0ries per a mantenir el nivell de seguretat requerit, segons la naturalesa de les dades personals tractats i les circumst\u00e0ncies del tractament, a fi d&#8217;evitar, en la mesura que sigui possible i sempre segons l&#8217;estat de la t\u00e8cnica, la seva alteraci\u00f3, p\u00e8rdua, tractament o acc\u00e9s no autoritzat. Com s&#8217;ha esmentat anteriorment, les dades personals facilitades no seran cedits a tercers sense autoritzaci\u00f3 pr\u00e8via per part del titular d&#8217;aquests. Aix\u00ed mateix Lausengier, S.L informa els Usuaris que tenen dret a exercitar davant l&#8217;Ag\u00e8ncia Andorrana de Protecci\u00f3 de Dades, com a Autoritat de Control competent en mat\u00e8ria de Protecci\u00f3 de Dades, l&#8217;exercici de la tutela efectiva dels drets aqu\u00ed reconeguts.<\/span><\/p>\n<p>\n<\/div><\/div><\/div><\/div><\/div><\/div><script id=\"script-row-unique-0\" data-row=\"script-row-unique-0\" type=\"text\/javascript\" class=\"vc_controls\">UNCODE.initRow(document.getElementById(\"row-unique-0\"));<\/script><\/div><\/div><\/div>\n<\/div>","protected":false},"excerpt":{"rendered":"AVISO LEGAL I POL\u00cdTICA DE PRIVACITAT \u00daltima actualitzaci\u00f3: octubre de 2018 Lausengier, S.L (d&#8217;ara endavant, Lausengier, S.L) manifesta el seu [...]","protected":false},"author":1,"featured_media":0,"parent":0,"menu_order":0,"comment_status":"closed","ping_status":"closed","template":"","meta":{"footnotes":""},"class_list":["post-3","page","type-page","status-publish","hentry"],"_links":{"self":[{"href":"https:\/\/www.lausengier.com\/ca\/wp-json\/wp\/v2\/pages\/3","targetHints":{"allow":["GET"]}}],"collection":[{"href":"https:\/\/www.lausengier.com\/ca\/wp-json\/wp\/v2\/pages"}],"about":[{"href":"https:\/\/www.lausengier.com\/ca\/wp-json\/wp\/v2\/types\/page"}],"author":[{"embeddable":true,"href":"https:\/\/www.lausengier.com\/ca\/wp-json\/wp\/v2\/users\/1"}],"replies":[{"embeddable":true,"href":"https:\/\/www.lausengier.com\/ca\/wp-json\/wp\/v2\/comments?post=3"}],"version-history":[{"count":10,"href":"https:\/\/www.lausengier.com\/ca\/wp-json\/wp\/v2\/pages\/3\/revisions"}],"predecessor-version":[{"id":130672,"href":"https:\/\/www.lausengier.com\/ca\/wp-json\/wp\/v2\/pages\/3\/revisions\/130672"}],"wp:attachment":[{"href":"https:\/\/www.lausengier.com\/ca\/wp-json\/wp\/v2\/media?parent=3"}],"curies":[{"name":"wp","href":"https:\/\/api.w.org\/{rel}","templated":true}]}}