{"id":74516,"date":"2018-12-21T10:54:01","date_gmt":"2018-12-21T09:54:01","guid":{"rendered":"https:\/\/undsgn.com\/uncode\/?page_id=74516"},"modified":"2025-05-08T08:57:44","modified_gmt":"2025-05-08T08:57:44","slug":"lausengier","status":"publish","type":"page","link":"https:\/\/www.lausengier.com\/ca\/","title":{"rendered":"Experts in innovation, strategy and technology | Lausengier"},"content":{"rendered":"<div class=\"wpb-content-wrapper\"><div data-parent=\"true\" class=\"vc_row row-container boomapps_vcrow\" id=\"row-unique-0\"><div class=\"row limit-width row-parent\"><div class=\"wpb_row row-inner\"><div class=\"wpb_column pos-middle pos-center align_center column_parent col-lg-12 boomapps_vccolumn col-md-100 col-sm-100 single-internal-gutter\"><div class=\"uncol style-light animate_when_almost_visible zoom-in\"  ><div class=\"uncoltable\"><div class=\"uncell  boomapps_vccolumn no-block-padding\" ><div class=\"uncont\" ><div class=\"vc_custom_heading_wrap\"><div class=\"heading-text el-text\" ><\/p>\n<h1>SERVEIS PRINCIPALS<\/h1>\n<p>\n<\/div><div class=\"clear\"><\/div><\/div><div class=\"uncode_text_column\" ><\/p>\n<p style=\"text-align: center;\">Experts en innovaci\u00f3. Treballem per fer f\u00e0cil la transfer\u00e8ncia de tecnologia a les empreses que els doni avantatges competitius aprofitant les darreres novetats tecnol\u00f2giques. Acompanyem a les organitzacions en les seves iniciatives i processos de modernitzaci\u00f3. Volem avan\u00e7ar cap a un m\u00f3n m\u00e9s connectat i global que faciliti la vida de les persones gr\u00e0cies a l\u2019aplicaci\u00f3 de les darreres disrupcions: blockchain, big data, Intel\u00b7lig\u00e8ncia Artificial, IoT, 5G i el que vindr\u00e0.<\/p>\n<p>\n<\/div><div class=\"vc_row row-internal row-container desktop-hidden tablet-hidden mobile-hidden boomapps_vcrow\"><div class=\"row row-child\"><div class=\"wpb_row row-inner\"><div class=\"wpb_column pos-top pos-center align_center column_child col-lg-4 boomapps_vccolumn col-md-33 single-internal-gutter\"><div class=\"uncol style-light\" ><div class=\"uncoltable\"><div class=\"uncell  boomapps_vccolumn double-block-padding style-color-xsdn-bg unshadow-sm unradius-xs\" ><div class=\"uncont\" ><div class=\"icon-box icon-box-top\" ><div class=\"icon-box-icon fa-container\" ><a role=\"button\" href=\"#\" class=\"text-color-jevc-color custom-link\"><i class=\"fa fa-adjustments fa-3x fa-fw\"><\/i><\/a><\/div><div class=\"icon-box-content\"><div class=\"icon-box-heading icon-box-fa-3x\"><h3 class=\"h4 font-weight-400\">EMPRESA<\/h3><\/div><p class=\"text-top-reduced\">Som un grup de persones, experts en innovaci\u00f3, que gaudeix innovant a trav\u00e9s de la tecnologia; constru\u00eft sobre un ambient de treball en el qual es fomenta el sentiment d'equip.<\/p>\n<\/div><\/div><span class=\"btn-container\" ><a role=\"button\"  href=\"https:\/\/www.lausengier.com\/ca\/company\/\" class=\"custom-link btn btn-sm border-width-0 btn-default btn-icon-left\" title=\"LEER\">LLEGIR<\/a><\/span><\/div><\/div><\/div><\/div><\/div><div class=\"wpb_column pos-top pos-center align_center column_child col-lg-4 boomapps_vccolumn col-md-33 single-internal-gutter\"><div class=\"uncol style-light\" ><div class=\"uncoltable\"><div class=\"uncell  boomapps_vccolumn double-block-padding style-color-xsdn-bg unshadow-sm unradius-xs\" ><div class=\"uncont\" ><div class=\"icon-box icon-box-top\" ><div class=\"icon-box-icon fa-container\" ><a role=\"button\" href=\"#\" class=\"text-default-color custom-link\"><i class=\"fa fa-spinner fa-3x fa-fw\"><\/i><\/a><\/div><div class=\"icon-box-content\"><div class=\"icon-box-heading icon-box-fa-3x\"><h3 class=\"h4 font-weight-400\">SERVEIS<\/h3><\/div><p class=\"text-top-reduced\">La nostra factoria d'innovaci\u00f3 \u00e9s capa\u00e7 d'acompanyar i donar cobertura a qualsevol iniciativa o necessitat de la teva companyia, de manera propera i de qualitat.<\/p>\n<\/div><\/div><span class=\"btn-container\" ><a role=\"button\"  href=\"https:\/\/www.lausengier.com\/ca\/services\/\" class=\"custom-link btn btn-sm border-width-0 btn-default btn-icon-left\" title=\"SERVEIS\">LLEGIR<\/a><\/span><\/div><\/div><\/div><\/div><\/div><div class=\"wpb_column pos-top pos-center align_center column_child col-lg-4 boomapps_vccolumn col-md-33 single-internal-gutter\"><div class=\"uncol style-light\" ><div class=\"uncoltable\"><div class=\"uncell  boomapps_vccolumn double-block-padding style-color-xsdn-bg unshadow-sm unradius-xs\" ><div class=\"uncont\" ><div class=\"icon-box icon-box-top\" ><div class=\"icon-box-icon fa-container\" ><a role=\"button\" href=\"#\" class=\"text-default-color custom-link\"><i class=\"fa fa-bitcoin fa-3x fa-fw\"><\/i><\/a><\/div><div class=\"icon-box-content\"><div class=\"icon-box-heading icon-box-fa-3x\"><h3 class=\"h4 font-weight-400\">BLOCKCHAIN &amp; DLT<\/h3><\/div><p class=\"text-top-reduced\">Lausengier integra en el seu equip de professionals i partners alguns dels actors m\u00e9s reconeguts de l'escena de la <a href=\"http:\/\/www.blockchain.info\">Blockchain<\/a> i DLT internacional.<\/p>\n<\/div><\/div><span class=\"btn-container\" ><a role=\"button\"  href=\"https:\/\/www.lausengier.com\/ca\/advanced-services\/\" class=\"custom-link btn btn-sm border-width-0 btn-default btn-icon-left\" title=\"SERVEIS TECNOL\u00d2GICS AVAN\u00c7ATS\">LLEGIR<\/a><\/span><\/div><\/div><\/div><\/div><\/div><\/div><\/div><\/div><\/div><\/div><\/div><\/div><\/div><script id=\"script-row-unique-0\" data-row=\"script-row-unique-0\" type=\"text\/javascript\" class=\"vc_controls\">UNCODE.initRow(document.getElementById(\"row-unique-0\"));<\/script><\/div><\/div><\/div><div data-parent=\"true\" class=\"vc_row row-container boomapps_vcrow\" id=\"row-unique-1\"><div class=\"row limit-width row-parent\"><div class=\"wpb_row row-inner\"><div class=\"wpb_column pos-top pos-center align_left column_parent col-lg-12 boomapps_vccolumn double-internal-gutter\"><div class=\"uncol style-light\"  ><div class=\"uncoltable\"><div class=\"uncell  boomapps_vccolumn no-block-padding\" ><div class=\"uncont\" ><div class=\"vc_row row-internal row-container boomapps_vcrow\"><div class=\"row row-child\"><div class=\"wpb_row row-inner\"><div class=\"wpb_column pos-top pos-center align_left column_child col-lg-6 boomapps_vccolumn single-internal-gutter\"><div class=\"uncol style-light\" ><div class=\"uncoltable\"><div class=\"uncell  boomapps_vccolumn no-block-padding\" ><div class=\"uncont\" ><div class=\"uncode-single-media tablet-hidden mobile-hidden text-left\"><div class=\"single-wrapper\" style=\"max-width: 100%;\"><div class=\"tmb tmb-light  tmb-media-first tmb-media-last tmb-content-overlay tmb-no-bg\"><div class=\"t-inside\"><div class=\"t-entry-visual\"><div class=\"t-entry-visual-tc\"><div class=\"uncode-single-media-wrapper\"><img decoding=\"async\" class=\"wp-image-84014\" src=\"https:\/\/www.lausengier.com\/wp-content\/uploads\/2022\/03\/scott-graham-5fNmWej4tAA-unsplash.jpg\" width=\"640\" height=\"427\" alt=\"Services and consultancy\" srcset=\"https:\/\/www.lausengier.com\/wp-content\/uploads\/2022\/03\/scott-graham-5fNmWej4tAA-unsplash.jpg 640w, https:\/\/www.lausengier.com\/wp-content\/uploads\/2022\/03\/scott-graham-5fNmWej4tAA-unsplash-300x200.jpg 300w, https:\/\/www.lausengier.com\/wp-content\/uploads\/2022\/03\/scott-graham-5fNmWej4tAA-unsplash-18x12.jpg 18w\" sizes=\"(max-width: 640px) 100vw, 640px\" \/><\/div>\n\t\t\t\t\t<\/div>\n\t\t\t\t<\/div><\/div><\/div><\/div><\/div><\/div><\/div><\/div><\/div><\/div><div class=\"wpb_column pos-top pos-center align_left column_child col-lg-6 boomapps_vccolumn single-internal-gutter\"><div class=\"uncol style-light\" ><div class=\"uncoltable\"><div class=\"uncell  boomapps_vccolumn no-block-padding\" ><div class=\"uncont\" ><div class=\"uncode_text_column text-small\" ><p>SERVEIS PRINCIPALS<\/p>\n<\/div><div class=\"divider-wrapper\"  >\n    <hr class=\"unseparator separator-no-padding\"  \/>\n<\/div>\n<div class=\"vc_custom_heading_wrap\"><div class=\"heading-text el-text\" ><h2 class=\"h1\" ><span><span style=\"font-size: 24pt;\">SERVEIS I CONSULTORIA<\/span><\/span><\/h2><\/div><div class=\"clear\"><\/div><\/div><div class=\"uncode_text_column\" ><p>La nostra factoria d'innovaci\u00f3 \u00e9s capa\u00e7 d'acompanyar i donar cobertura a qualsevol iniciativa o necessitat de la teva companyia, de manera propera i de qualitat.<\/p>\n<\/div><span class=\"btn-container\" ><a role=\"button\"  href=\"https:\/\/www.lausengier.com\/ca\/services\/\" class=\"custom-link btn border-width-0 btn-default btn-icon-left\" title=\"EMPRESA\" target=\"_blank\">Saber-ne m\u00e9s<\/a><\/span><\/div><\/div><\/div><\/div><\/div><\/div><\/div><\/div><div class=\"vc_row row-internal row-container boomapps_vcrow\"><div class=\"row row-child\"><div class=\"wpb_row row-inner\"><div class=\"wpb_column pos-top pos-center align_left column_child col-lg-6 boomapps_vccolumn single-internal-gutter\"><div class=\"uncol style-light\" ><div class=\"uncoltable\"><div class=\"uncell  boomapps_vccolumn no-block-padding\" ><div class=\"uncont\" ><div class=\"uncode_text_column text-small\" ><p>RECERCA<\/p>\n<\/div><div class=\"divider-wrapper\"  >\n    <hr class=\"unseparator separator-no-padding\"  \/>\n<\/div>\n<div class=\"vc_custom_heading_wrap\"><div class=\"heading-text el-text\" ><h2 class=\"h1\" ><span><span style=\"font-size: 24pt;\">BLOCKCHAIN &amp; DLT<\/span><\/span><\/h2><\/div><div class=\"clear\"><\/div><\/div><div class=\"uncode_text_column\" ><p>Lausengier integra en el seu equip de professionals i partners alguns dels actors m\u00e9s reconeguts de l'escena de la\u00a0<a href=\"http:\/\/www.blockchain.info\/\">Blockchain<\/a>\u00a0i DLT internacional.<\/p>\n<\/div><span class=\"btn-container\" ><a role=\"button\"  href=\"https:\/\/www.lausengier.com\/ca\/blockchain-dlt\/\" class=\"custom-link btn border-width-0 btn-default btn-icon-left\" title=\"EMPRESA\" target=\"_blank\">Saber-ne m\u00e9s<\/a><\/span><\/div><\/div><\/div><\/div><\/div><div class=\"wpb_column pos-top pos-center align_left column_child col-lg-6 boomapps_vccolumn single-internal-gutter\"><div class=\"uncol style-light\" ><div class=\"uncoltable\"><div class=\"uncell  boomapps_vccolumn no-block-padding\" ><div class=\"uncont\" ><div class=\"uncode-single-media tablet-hidden mobile-hidden text-left\"><div class=\"single-wrapper\" style=\"max-width: 100%;\"><div class=\"tmb tmb-light  tmb-media-first tmb-media-last tmb-content-overlay tmb-no-bg\"><div class=\"t-inside\"><div class=\"t-entry-visual\"><div class=\"t-entry-visual-tc\"><div class=\"uncode-single-media-wrapper\"><img decoding=\"async\" class=\"wp-image-84013\" src=\"https:\/\/www.lausengier.com\/wp-content\/uploads\/2022\/03\/blockchaindlt.jpg\" width=\"640\" height=\"427\" alt=\"blockchain\" srcset=\"https:\/\/www.lausengier.com\/wp-content\/uploads\/2022\/03\/blockchaindlt.jpg 640w, https:\/\/www.lausengier.com\/wp-content\/uploads\/2022\/03\/blockchaindlt-300x200.jpg 300w, https:\/\/www.lausengier.com\/wp-content\/uploads\/2022\/03\/blockchaindlt-18x12.jpg 18w\" sizes=\"(max-width: 640px) 100vw, 640px\" \/><\/div>\n\t\t\t\t\t<\/div>\n\t\t\t\t<\/div><\/div><\/div><\/div><\/div><\/div><\/div><\/div><\/div><\/div><\/div><\/div><\/div><div class=\"vc_row row-internal row-container boomapps_vcrow\"><div class=\"row row-child\"><div class=\"wpb_row row-inner\"><div class=\"wpb_column pos-top pos-center align_left column_child col-lg-6 boomapps_vccolumn single-internal-gutter\"><div class=\"uncol style-light\" ><div class=\"uncoltable\"><div class=\"uncell  boomapps_vccolumn no-block-padding\" ><div class=\"uncont\" ><div class=\"uncode-single-media tablet-hidden mobile-hidden text-left\"><div class=\"single-wrapper\" style=\"max-width: 100%;\"><div class=\"tmb tmb-light  tmb-media-first tmb-media-last tmb-content-overlay tmb-no-bg\"><div class=\"t-inside\"><div class=\"t-entry-visual\"><div class=\"t-entry-visual-tc\"><div class=\"uncode-single-media-wrapper\"><img decoding=\"async\" class=\"wp-image-84057\" src=\"https:\/\/www.lausengier.com\/wp-content\/uploads\/2022\/03\/christian-lue-HbFMR6slGnE-unsplash.jpg\" width=\"640\" height=\"427\" alt=\"mobility\" srcset=\"https:\/\/www.lausengier.com\/wp-content\/uploads\/2022\/03\/christian-lue-HbFMR6slGnE-unsplash.jpg 640w, https:\/\/www.lausengier.com\/wp-content\/uploads\/2022\/03\/christian-lue-HbFMR6slGnE-unsplash-300x200.jpg 300w, https:\/\/www.lausengier.com\/wp-content\/uploads\/2022\/03\/christian-lue-HbFMR6slGnE-unsplash-18x12.jpg 18w\" sizes=\"(max-width: 640px) 100vw, 640px\" \/><\/div>\n\t\t\t\t\t<\/div>\n\t\t\t\t<\/div><\/div><\/div><\/div><\/div><\/div><\/div><\/div><\/div><\/div><div class=\"wpb_column pos-top pos-center align_left column_child col-lg-6 boomapps_vccolumn single-internal-gutter\"><div class=\"uncol style-light\" ><div class=\"uncoltable\"><div class=\"uncell  boomapps_vccolumn no-block-padding\" ><div class=\"uncont\" ><div class=\"uncode_text_column text-small\" ><p>ENGINYERIA I MEDI AMBIENT<\/p>\n<\/div><div class=\"divider-wrapper\"  >\n    <hr class=\"unseparator separator-no-padding\"  \/>\n<\/div>\n<div class=\"vc_custom_heading_wrap\"><div class=\"heading-text el-text\" ><h2 class=\"h1\" ><span><span style=\"font-size: 24pt;\">MOBILITY<\/span><\/span><\/h2><\/div><div class=\"clear\"><\/div><\/div><div class=\"uncode_text_column\" ><\/p>\n<div class=\"uncode_text_column\">\n<p>LAUSENGIER planifica la mobilitat de la ciutat de forma integral, conjuntament amb tots els agents implicats i tenint en compte els diferents mitjans de transport privat i col\u00b7lectiu, el despla\u00e7ament a peu, l'\u00fas de la bicicleta i de l'aparcament, aix\u00ed com tamb\u00e9 els seus impactes mediambientals.<\/p>\n<\/div>\n<p>\n<\/div><span class=\"btn-container\" ><a role=\"button\"  href=\"https:\/\/www.lausengier.com\/ca\/mobilitat\/\" class=\"custom-link btn border-width-0 btn-default btn-icon-left\" title=\"Mobilitat\" target=\"_blank\">Saber-ne m\u00e9s<\/a><\/span><\/div><\/div><\/div><\/div><\/div><\/div><\/div><\/div><div class=\"vc_row row-internal row-container boomapps_vcrow\"><div class=\"row row-child\"><div class=\"wpb_row row-inner\"><div class=\"wpb_column pos-top pos-center align_left column_child col-lg-6 boomapps_vccolumn single-internal-gutter\"><div class=\"uncol style-light\" ><div class=\"uncoltable\"><div class=\"uncell  boomapps_vccolumn no-block-padding\" ><div class=\"uncont\" ><div class=\"uncode_text_column text-small\" ><p>ENGINYERIA I MEDI AMBIENT<\/p>\n<\/div><div class=\"divider-wrapper\"  >\n    <hr class=\"unseparator separator-no-padding\"  \/>\n<\/div>\n<div class=\"vc_custom_heading_wrap\"><div class=\"heading-text el-text\" ><h2 class=\"h1\" ><span><span style=\"font-size: 20pt;\">ENERGY CERTIFICATES FOR HOUSING<\/span><\/span><\/h2><\/div><div class=\"clear\"><\/div><\/div><div class=\"uncode_text_column\" ><p>A LAUSENGIER som molt conscients de la import\u00e0ncia dels recursos energ\u00e8tics per a les empreses i administracions, per la qual cosa realitzem estudis i plans d'efici\u00e8ncia i estalvi energ\u00e8tic i apliquem l'enginyeria necess\u00e0ria encaminada a la seva correcta gesti\u00f3.<\/p>\n<\/div><span class=\"btn-container\" ><a role=\"button\"  href=\"https:\/\/www.lausengier.com\/ca\/andorra-certificats-energetics\/\" class=\"custom-link btn border-width-0 btn-default btn-icon-left\" title=\"Certificats energ\u00e8tics\" target=\"_blank\">Saber-ne m\u00e9s<\/a><\/span><\/div><\/div><\/div><\/div><\/div><div class=\"wpb_column pos-top pos-center align_left column_child col-lg-6 boomapps_vccolumn single-internal-gutter\"><div class=\"uncol style-light\" ><div class=\"uncoltable\"><div class=\"uncell  boomapps_vccolumn no-block-padding\" ><div class=\"uncont\" ><div class=\"uncode-single-media tablet-hidden mobile-hidden text-left\"><div class=\"single-wrapper\" style=\"max-width: 100%;\"><div class=\"tmb tmb-light  tmb-media-first tmb-media-last tmb-content-overlay tmb-no-bg\"><div class=\"t-inside\"><div class=\"t-entry-visual\"><div class=\"t-entry-visual-tc\"><div class=\"uncode-single-media-wrapper\"><img decoding=\"async\" class=\"wp-image-83944\" src=\"https:\/\/www.lausengier.com\/wp-content\/uploads\/2021\/06\/city-pyrenees-mountains-andorra-la-vella.jpg\" width=\"1500\" height=\"1000\" alt=\"\" srcset=\"https:\/\/www.lausengier.com\/wp-content\/uploads\/2021\/06\/city-pyrenees-mountains-andorra-la-vella.jpg 1500w, https:\/\/www.lausengier.com\/wp-content\/uploads\/2021\/06\/city-pyrenees-mountains-andorra-la-vella-300x200.jpg 300w, https:\/\/www.lausengier.com\/wp-content\/uploads\/2021\/06\/city-pyrenees-mountains-andorra-la-vella-1024x683.jpg 1024w, https:\/\/www.lausengier.com\/wp-content\/uploads\/2021\/06\/city-pyrenees-mountains-andorra-la-vella-768x512.jpg 768w, https:\/\/www.lausengier.com\/wp-content\/uploads\/2021\/06\/city-pyrenees-mountains-andorra-la-vella-16x12.jpg 16w, https:\/\/www.lausengier.com\/wp-content\/uploads\/2021\/06\/city-pyrenees-mountains-andorra-la-vella-uai-720x480.jpg 720w\" sizes=\"(max-width: 1500px) 100vw, 1500px\" \/><\/div>\n\t\t\t\t\t<\/div>\n\t\t\t\t<\/div><\/div><\/div><\/div><\/div><\/div><\/div><\/div><\/div><\/div><\/div><\/div><\/div><div class=\"vc_row row-internal row-container boomapps_vcrow\"><div class=\"row row-child\"><div class=\"wpb_row row-inner\"><div class=\"wpb_column pos-top pos-center align_left column_child col-lg-6 boomapps_vccolumn single-internal-gutter\"><div class=\"uncol style-light\" ><div class=\"uncoltable\"><div class=\"uncell  boomapps_vccolumn no-block-padding\" ><div class=\"uncont\" ><div class=\"uncode-single-media tablet-hidden mobile-hidden text-left\"><div class=\"single-wrapper\" style=\"max-width: 100%;\"><div class=\"tmb tmb-light  tmb-media-first tmb-media-last tmb-content-overlay tmb-no-bg\"><div class=\"t-inside\"><div class=\"t-entry-visual\"><div class=\"t-entry-visual-tc\"><div class=\"uncode-single-media-wrapper\"><img decoding=\"async\" class=\"wp-image-84015\" src=\"https:\/\/www.lausengier.com\/wp-content\/uploads\/2022\/03\/company.jpg\" width=\"640\" height=\"427\" alt=\"company\" srcset=\"https:\/\/www.lausengier.com\/wp-content\/uploads\/2022\/03\/company.jpg 640w, https:\/\/www.lausengier.com\/wp-content\/uploads\/2022\/03\/company-300x200.jpg 300w, https:\/\/www.lausengier.com\/wp-content\/uploads\/2022\/03\/company-18x12.jpg 18w\" sizes=\"(max-width: 640px) 100vw, 640px\" \/><\/div>\n\t\t\t\t\t<\/div>\n\t\t\t\t<\/div><\/div><\/div><\/div><\/div><\/div><\/div><\/div><\/div><\/div><div class=\"wpb_column pos-top pos-center align_left column_child col-lg-6 boomapps_vccolumn single-internal-gutter\"><div class=\"uncol style-light\" ><div class=\"uncoltable\"><div class=\"uncell  boomapps_vccolumn no-block-padding\" ><div class=\"uncont\" ><div class=\"uncode_text_column text-small\" ><p>NOSALTRES<\/p>\n<\/div><div class=\"divider-wrapper\"  >\n    <hr class=\"unseparator separator-no-padding\"  \/>\n<\/div>\n<div class=\"vc_custom_heading_wrap\"><div class=\"heading-text el-text\" ><h2 class=\"h1\" ><span><span style=\"font-size: 24pt;\">EMPRESA<\/span><\/span><\/h2><\/div><div class=\"clear\"><\/div><\/div><div class=\"uncode_text_column\" ><\/p>\n<p style=\"text-align: left;\">Som un grup de persones, experts en innovaci\u00f3, que gaudeix innovant a trav\u00e9s de la tecnologia; constru\u00eft sobre un ambient de treball en el qual es fomenta el sentiment d'equip.<\/p>\n<p>\n<\/div><span class=\"btn-container\" ><a role=\"button\"  href=\"https:\/\/www.lausengier.com\/ca\/aboutus\/\" class=\"custom-link btn border-width-0 btn-default btn-icon-left\" title=\"EMPRESA\" target=\"_blank\">Saber-ne m\u00e9s<\/a><\/span><\/div><\/div><\/div><\/div><\/div><\/div><\/div><\/div><\/div><\/div><\/div><\/div><\/div><script id=\"script-row-unique-1\" data-row=\"script-row-unique-1\" type=\"text\/javascript\" class=\"vc_controls\">UNCODE.initRow(document.getElementById(\"row-unique-1\"));<\/script><\/div><\/div><\/div><div data-parent=\"true\" class=\"vc_row row-container boomapps_vcrow\" id=\"row-unique-2\"><div class=\"row limit-width row-parent\"><div class=\"wpb_row row-inner\"><div class=\"wpb_column pos-top pos-center align_left column_parent col-lg-12 boomapps_vccolumn single-internal-gutter\"><div class=\"uncol style-light\"  ><div class=\"uncoltable\"><div class=\"uncell  boomapps_vccolumn no-block-padding\" ><div class=\"uncont\" ><div class=\"empty-space empty-double\" ><span class=\"empty-space-inner\"><\/span><\/div>\n<\/div><\/div><\/div><\/div><\/div><script id=\"script-row-unique-2\" data-row=\"script-row-unique-2\" type=\"text\/javascript\" class=\"vc_controls\">UNCODE.initRow(document.getElementById(\"row-unique-2\"));<\/script><\/div><\/div><\/div><div data-parent=\"true\" class=\"vc_row row-container with-kburns boomapps_vcrow\" id=\"row-unique-3\"><div class=\"row-background background-element\">\n\t\t\t\t\t\t\t\t\t\t\t<div class=\"background-wrapper\">\n\t\t\t\t\t\t\t\t\t\t\t\t<div class=\"background-inner\" style=\"background-image: url(https:\/\/www.lausengier.com\/wp-content\/uploads\/2022\/03\/contact_background.jpg);background-repeat: no-repeat;background-position: center center;background-attachment: scroll;background-size: cover;\"><\/div>\n\t\t\t\t\t\t\t\t\t\t\t\t\n\t\t\t\t\t\t\t\t\t\t\t<\/div>\n\t\t\t\t\t\t\t\t\t\t<\/div><div class=\"row limit-width row-parent\" data-height-ratio=\"90\"><div class=\"wpb_row row-inner\"><div class=\"wpb_column pos-middle pos-center align_center column_parent col-lg-12 boomapps_vccolumn single-internal-gutter\"><div class=\"uncol style-spec style-dark\"  ><div class=\"uncoltable\"><div class=\"uncell  boomapps_vccolumn no-block-padding\" ><div class=\"uncont\" ><div class=\"vc_custom_heading_wrap\"><div class=\"heading-text el-text\" ><h2 class=\"h2\" ><span><span style=\"font-size: 24pt;\">Explica'ns la teva idea<\/span><\/span><\/h2><\/div><div class=\"clear\"><\/div><\/div><div class=\"uncode_text_column\" ><\/p>\n<p style=\"text-align: center;\"><span style=\"font-size: 12pt;\">Ens posarem en contacte amb tu per a con\u00e8ixer el teu projecte<\/span><\/p>\n<p>\n<\/div><span class=\"btn-container\" ><a role=\"button\"  href=\"https:\/\/www.lausengier.com\/ca\/contacte\/\" class=\"custom-link btn btn-xl border-width-0 btn-default btn-icon-left\" title=\"Contacta amb nosaltres\" target=\"_blank\">Contacte<\/a><\/span><\/div><\/div><\/div><\/div><\/div><script id=\"script-row-unique-3\" data-row=\"script-row-unique-3\" type=\"text\/javascript\" class=\"vc_controls\">UNCODE.initRow(document.getElementById(\"row-unique-3\"));<\/script><\/div><\/div><\/div>\n<\/div>","protected":false},"excerpt":{"rendered":"MAIN SERVICES Innovation experts. We work to make it easy to transfer technology to companies that give them competitive advantages [...]","protected":false},"author":1,"featured_media":0,"parent":0,"menu_order":0,"comment_status":"closed","ping_status":"closed","template":"","meta":{"footnotes":""},"class_list":["post-74516","page","type-page","status-publish","hentry","page_category-classic"],"_links":{"self":[{"href":"https:\/\/www.lausengier.com\/ca\/wp-json\/wp\/v2\/pages\/74516","targetHints":{"allow":["GET"]}}],"collection":[{"href":"https:\/\/www.lausengier.com\/ca\/wp-json\/wp\/v2\/pages"}],"about":[{"href":"https:\/\/www.lausengier.com\/ca\/wp-json\/wp\/v2\/types\/page"}],"author":[{"embeddable":true,"href":"https:\/\/www.lausengier.com\/ca\/wp-json\/wp\/v2\/users\/1"}],"replies":[{"embeddable":true,"href":"https:\/\/www.lausengier.com\/ca\/wp-json\/wp\/v2\/comments?post=74516"}],"version-history":[{"count":112,"href":"https:\/\/www.lausengier.com\/ca\/wp-json\/wp\/v2\/pages\/74516\/revisions"}],"predecessor-version":[{"id":130697,"href":"https:\/\/www.lausengier.com\/ca\/wp-json\/wp\/v2\/pages\/74516\/revisions\/130697"}],"wp:attachment":[{"href":"https:\/\/www.lausengier.com\/ca\/wp-json\/wp\/v2\/media?parent=74516"}],"curies":[{"name":"wp","href":"https:\/\/api.w.org\/{rel}","templated":true}]}}