{"id":78931,"date":"2019-03-07T09:14:59","date_gmt":"2019-03-07T09:14:59","guid":{"rendered":"https:\/\/www.lausengier.com\/?page_id=78931"},"modified":"2025-05-14T10:43:34","modified_gmt":"2025-05-14T10:43:34","slug":"avis-legal","status":"publish","type":"page","link":"https:\/\/www.lausengier.com\/ca\/avis-legal\/","title":{"rendered":"Av\u00eds legal"},"content":{"rendered":"<p>1 \u2013 El domini d&#8217;Internet www.lausengier.com aix\u00ed com tots els drets de propietat intel\u00b7lectual o industrial del lloc web, el seu disseny, logotips, signes distintius i continguts s\u00f3n propietat de Lausengier S.L, entitat dedicada a l&#8217;elaboraci\u00f3, personalitzaci\u00f3, importaci\u00f3 i exportaci\u00f3, distribuci\u00f3 i compravenda de productes de perfumeria i cosm\u00e8tica en general, serveis de consultoria en ingenieria, tecnologias i Internet amb domicili social en Carrer Prat de Verd\u00fa 005, 2B. AD400, Arinsal (Andorra).<\/p>\n<p>2.- La visita a aquest lloc web atribueix la condici\u00f3 d&#8217;usuari al visitant, amb independ\u00e8ncia de la condici\u00f3 de client que aquest usuari pugui ostentar amb Lausengier S.L.<\/p>\n<p>3.- L&#8217;usuari, mitjan\u00e7ant l&#8217;acc\u00e9s a tots els continguts que formen part del lloc web, pot visitar, obtenir informaci\u00f3 de productes i serveis, dirigir sol\u00b7licituds i\/o comunicacions, aix\u00ed com gestionar els seus propis serveis en qualitat de client. Aquest acc\u00e9s implica l&#8217;acceptaci\u00f3 plena i sense reserves de totes les disposicions i termes d&#8217;\u00fas continguts en aquest av\u00eds legal. L&#8217;objectiu d&#8217;aquest lloc web \u00e9s oferir als clients i\/o usuaris informaci\u00f3 relativa a productes i serveis de Lausengier.com aix\u00ed com facilitar la gesti\u00f3 comercial, t\u00e8cnica i administrativa en l\u00ednia dels serveis contractats pel client.<\/p>\n<p>4.- Lausengier S.L es reserva la facultat d&#8217;efectuar, en qualsevol moment i sense necessitat de previ av\u00eds, modificacions i actualitzacions de la informaci\u00f3 continguda en el lloc web o de la configuraci\u00f3 i\/o presentaci\u00f3 d&#8217;aquest.<\/p>\n<p>5.- Tant l&#8217;acc\u00e9s al lloc web de Lausengier.com com l&#8217;\u00fas que pugui fer-se de la informaci\u00f3 continguda en el mateix so responsabilitat exclusiva de l&#8217;usuari. L&#8217;usuari ser\u00e0 responsable de totes aquelles accions que realitzi amb el seu identificador d&#8217;usuari. En concret, ser\u00e0 responsable de triar, com a clau i com a recordatori d&#8217;aquesta, paraules clau complexes i dif\u00edcils d&#8217;esbrinar, emprant signes de puntuaci\u00f3, car\u00e0cters especials i lletres maj\u00fascules\/min\u00fascules. En concret, l&#8217;usuari evitar\u00e0 triar paraules que estiguin relacionades amb ell mateix, o f\u00e0cils d&#8217;esbrinar. Lausengier S.L no respondr\u00e0 de cap conseq\u00fc\u00e8ncia, mal o perjudici que pogu\u00e9s derivar-se d&#8217;aquest acc\u00e9s a la informaci\u00f3.<\/p>\n<p>6.- Lausengier S.L declina qualsevol responsabilitat sobre la disponibilitat t\u00e8cnica, dels continguts de les p\u00e0gines web a les quals l&#8217;usuari pugui accedir mitjan\u00e7ant un enlla\u00e7 incl\u00f2s en el portal web, aix\u00ed com els danys causats als equips de l&#8217;usuari. Lausengier S.L tampoc respondr\u00e0 de l&#8217;inadequat funcionament del seu portal web per causes imputables a tasques de manteniment, a incid\u00e8ncies que afectin operadors internacionals, a una configuraci\u00f3 defectuosa dels equipaments de l&#8217;usuari o a la incapacitat per a admetre els sistemes inform\u00e0tics indispensables per a poder fer \u00fas del servei.<\/p>\n<p>7.- De conformitat amb la Llei 15\/2003, de 18 de desembre, qualificada de protecci\u00f3 de dades personals, Lausengier S.L garanteix que totes les dades que puguin ser facilitades pels usuaris es tractaran amb absoluta confidencialitat.<\/p>\n<p>El client\/usuari queda informat i presta el seu consentiment per a la incorporaci\u00f3 de les seves dades als fitxers automatitzats de Lausengier S.L inscrits en l&#8217;Ag\u00e8ncia Andorrana de Protecci\u00f3 de Dades i per al tractament automatitzat d&#8217;aquests, inclosos les dades al fet que l&#8217;empresa tingui acc\u00e9s com a conseq\u00fc\u00e8ncia de la seva navegaci\u00f3 per aquest lloc web per a finalitats d&#8217;enviament de comunicacions comercials, de comercialitzaci\u00f3 de productes i serveis, de manteniment de la seva relaci\u00f3 contractual i de gesti\u00f3 amb Lausengier S.L, a fi d&#8217;adequar les nostres ofertes comercials a les seves caracter\u00edstiques particulars.<\/p>\n<p>Finalitats addicionals. El client atorga el seu consentiment perqu\u00e8 les dades que faciliti a Lausengier S.L mitjan\u00e7ant qualsevol dels formularis de registre siguin utilitzats per a les seg\u00fcents finalitats:<\/p>\n<p>Enviament per part de Lausengier S.L de comunicacions comercials de productes i\/o serveis, tant propis com de tercers amb qui Lausengier S.L pogu\u00e9s haver arribat a un acord, ja sigui per correu postal, correu electr\u00f2nic, SMS, MMS o qualsevol altre m\u00e8tode de comunicaci\u00f3, electr\u00f2nic o no. Aquest tractament podr\u00e0 incloure la realitzaci\u00f3 de trucades comercials per part de Lausengier S.L o per tercers en el seu nom.<br \/>\nLausengier S.L garanteix, en tot cas, l&#8217;exercici dels drets d&#8217;acc\u00e9s, rectificaci\u00f3, cancel\u00b7laci\u00f3 i oposici\u00f3, en els termes establerts per la legislaci\u00f3, dirigint una comunicaci\u00f3 a l&#8217;adre\u00e7a electr\u00f2nica <a href=\"https:\/\/www.lausengier.com\/ca\/contacte\/\">CONTACTE<\/a>, o b\u00e9 al seu domicili social, en Carrer Prat de Verd\u00fa 005, 2B. AD400, Arinsal (Andorra), Principat d&#8217;Andorra.<\/p>\n<p>8.- Aquest lloc web s&#8217;opera des del Principat d&#8217;Andorra, i els seus termes d&#8217;\u00fas es regiran per les lleis del Principat d&#8217;Andorra. Les parts se sotmetran a la jurisdicci\u00f3 exclusiva dels tribunals andorrans, que fallaran d&#8217;acord amb el dret vigent al Principat d&#8217;Andorra.<\/p>\n<p>9.- Lausengier.com \u00e9s propietat exclusiva de Lausengier S.L i no pot ser utilitzada sense perm\u00eds dels seus propietaris.<\/p>","protected":false},"excerpt":{"rendered":"<p>1 \u2013 El domini d&#8217;Internet www.lausengier.com aix\u00ed com tots els drets de propietat intel\u00b7lectual o industrial del lloc web, el [&hellip;]<\/p>\n","protected":false},"author":1,"featured_media":0,"parent":0,"menu_order":0,"comment_status":"closed","ping_status":"closed","template":"","meta":{"footnotes":""},"class_list":["post-78931","page","type-page","status-publish","hentry"],"_links":{"self":[{"href":"https:\/\/www.lausengier.com\/ca\/wp-json\/wp\/v2\/pages\/78931","targetHints":{"allow":["GET"]}}],"collection":[{"href":"https:\/\/www.lausengier.com\/ca\/wp-json\/wp\/v2\/pages"}],"about":[{"href":"https:\/\/www.lausengier.com\/ca\/wp-json\/wp\/v2\/types\/page"}],"author":[{"embeddable":true,"href":"https:\/\/www.lausengier.com\/ca\/wp-json\/wp\/v2\/users\/1"}],"replies":[{"embeddable":true,"href":"https:\/\/www.lausengier.com\/ca\/wp-json\/wp\/v2\/comments?post=78931"}],"version-history":[{"count":5,"href":"https:\/\/www.lausengier.com\/ca\/wp-json\/wp\/v2\/pages\/78931\/revisions"}],"predecessor-version":[{"id":130707,"href":"https:\/\/www.lausengier.com\/ca\/wp-json\/wp\/v2\/pages\/78931\/revisions\/130707"}],"wp:attachment":[{"href":"https:\/\/www.lausengier.com\/ca\/wp-json\/wp\/v2\/media?parent=78931"}],"curies":[{"name":"wp","href":"https:\/\/api.w.org\/{rel}","templated":true}]}}