{"id":83870,"date":"2021-05-18T08:30:22","date_gmt":"2021-05-18T08:30:22","guid":{"rendered":"https:\/\/www.lausengier.com\/?page_id=83870"},"modified":"2022-05-06T15:59:10","modified_gmt":"2022-05-06T15:59:10","slug":"andorra-certificats-energetics","status":"publish","type":"page","link":"https:\/\/www.lausengier.com\/ca\/andorra-certificats-energetics\/","title":{"rendered":"Certificats energ\u00e8tics a Andorra | Efici\u00e8ncia energ\u00e8tica per a l&#8217;edificaci\u00f3"},"content":{"rendered":"<div class=\"wpb-content-wrapper\"><div data-parent=\"true\" class=\"vc_row row-container boomapps_vcrow\" id=\"row-unique-0\"><div class=\"row-background background-element\">\n\t\t\t\t\t\t\t\t\t\t\t<div class=\"background-wrapper\">\n\t\t\t\t\t\t\t\t\t\t\t\t<div class=\"background-inner\" style=\"background-image: url(https:\/\/www.lausengier.com\/wp-content\/uploads\/2022\/05\/andorra-g21946a0e2_1280.jpg);background-repeat: no-repeat;background-position: center center;background-attachment: scroll;background-size: cover;\"><\/div>\n\t\t\t\t\t\t\t\t\t\t\t\t<div class=\"block-bg-overlay style-color-wvjs-bg\" style=\"opacity: 0.6;\"><\/div>\n\t\t\t\t\t\t\t\t\t\t\t<\/div>\n\t\t\t\t\t\t\t\t\t\t<\/div><div class=\"row unequal no-top-padding no-bottom-padding no-h-padding full-width row-parent\" data-height-ratio=\"full\"><div class=\"wpb_row row-inner\"><div class=\"wpb_column pos-top pos-center align_left column_parent col-lg-12 boomapps_vccolumn single-internal-gutter\"><div class=\"uncol style-spec style-dark unexpand\"  ><div class=\"uncoltable\"><div class=\"uncell  boomapps_vccolumn no-block-padding\" ><div class=\"uncont\" ><div class=\"vc_row row-internal row-container boomapps_vcrow\"><div class=\"row unequal col-no-gutter row-child\"><div class=\"wpb_row row-inner\"><div class=\"wpb_column pos-middle pos-center align_left column_child col-lg-6 boomapps_vccolumn single-internal-gutter\"><div class=\"uncol style-spec style-dark\" ><div class=\"uncoltable\"><div class=\"uncell  boomapps_vccolumn double-block-padding\" ><div class=\"uncont\" style=\" max-width:70%;\" ><div class=\"vc_custom_heading_wrap\"><div class=\"heading-text el-text\" ><h1 class=\"font-weight-700\" ><span>Necessites un certificat d&#8217;efici\u00e8ncia energ\u00e8tica a Andorra?<\/span><\/h1><hr class=\"separator-break separator-accent\" \/><\/div><div class=\"clear\"><\/div><\/div><div class=\"uncode_text_column text-lead\" ><\/p>\n<p style=\"text-align: left;\"><span style=\"font-size: 14pt;\">Som un equip d\u2019enginyers especialitzats en l\u2019obtenci\u00f3 d\u2019efici\u00e8ncies energ\u00e8tics per a l\u2019habitatge.<\/span><\/p>\n<p>\n<\/div><span class=\"btn-container\" ><a role=\"button\"  href=\"#howto\" class=\"custom-link btn btn-xl border-width-0 btn-default btn-icon-left\">SOL\u00b7LICITAR ARA<\/a><\/span><\/div><\/div><\/div><\/div><\/div><div class=\"wpb_column pos-top pos-center align_left column_child col-lg-6 boomapps_vccolumn single-internal-gutter\"><div class=\"uncol style-light unexpand\" ><div class=\"uncoltable\" style=\"min-height: 300px;\"><div class=\"uncell  boomapps_vccolumn no-block-padding\" ><div class=\"uncont\" ><\/div><\/div><\/div><\/div><\/div><\/div><\/div><\/div><\/div><\/div><\/div><\/div><\/div><script id=\"script-row-unique-0\" data-row=\"script-row-unique-0\" type=\"text\/javascript\" class=\"vc_controls\">UNCODE.initRow(document.getElementById(\"row-unique-0\"));<\/script><\/div><\/div><\/div><div data-parent=\"true\" class=\"vc_row row-container onepage-section boomapps_vcrow\" data-label=\"howto\" data-name=\"howto\" id=\"row-unique-1\"><div class=\"row limit-width row-parent\"><div class=\"wpb_row row-inner\"><div class=\"wpb_column pos-top pos-center align_left column_parent col-lg-12 boomapps_vccolumn single-internal-gutter\"><div class=\"uncol style-light\"  ><div class=\"uncoltable\"><div class=\"uncell  boomapps_vccolumn no-block-padding\" ><div class=\"uncont\" ><div class=\"uncode_text_column\" ><\/p>\n<blockquote>\n<h1>Saps que a Andorra es obligatori tenir una qualificaci\u00f3 energ\u00e8tica per a vendre el teu pis?<\/h1>\n<p style=\"text-align: left;\">En el decret del 29-1-2020 pel qual s\u2019aprova el Reglament de qualificaci\u00f3 de l\u2019efici\u00e8ncia energ\u00e8tica en l\u2019edificaci\u00f3, publicat en el <strong><a href=\"https:\/\/www.bopa.ad\/bopa\/032010\/Pagines\/GR20200131_11_29_26.aspx\" target=\"_blank\" rel=\"noopener\">Butllet\u00ed Oficial del\u00a0Principat\u00a0d&#8217;Andorra<\/a><\/strong>, tota compravenda d\u2019habitatges ha d\u2019anar acompanyada amb una etiqueta o certificat energ\u00e8tic.<\/p>\n<\/blockquote>\n<p>\n<\/div><div class=\"vc_row row-internal row-container boomapps_vcrow\"><div class=\"row row-child\"><div class=\"wpb_row row-inner\"><div class=\"wpb_column pos-middle pos-center align_left column_child col-lg-6 boomapps_vccolumn single-internal-gutter\"><div class=\"uncol style-light\" ><div class=\"uncoltable\"><div class=\"uncell  boomapps_vccolumn no-block-padding\" ><div class=\"uncont\" style=\" max-width:80%;\" ><div class=\"uncode-single-media  text-center\"><div class=\"single-wrapper\" style=\"max-width: 35%;\"><div class=\"tmb tmb-light  tmb-media-first tmb-media-last tmb-content-overlay tmb-no-bg\"><div class=\"t-inside\"><div class=\"t-entry-visual\"><div class=\"t-entry-visual-tc\"><div class=\"uncode-single-media-wrapper\"><img decoding=\"async\" class=\"wp-image-83933\" src=\"https:\/\/www.lausengier.com\/wp-content\/uploads\/2021\/06\/certificat_energetic_andorra.png\" width=\"512\" height=\"512\" alt=\"\" srcset=\"https:\/\/www.lausengier.com\/wp-content\/uploads\/2021\/06\/certificat_energetic_andorra.png 512w, https:\/\/www.lausengier.com\/wp-content\/uploads\/2021\/06\/certificat_energetic_andorra-300x300.png 300w, https:\/\/www.lausengier.com\/wp-content\/uploads\/2021\/06\/certificat_energetic_andorra-150x150.png 150w, https:\/\/www.lausengier.com\/wp-content\/uploads\/2021\/06\/certificat_energetic_andorra-12x12.png 12w\" sizes=\"(max-width: 512px) 100vw, 512px\" \/><\/div>\n\t\t\t\t\t<\/div>\n\t\t\t\t<\/div><\/div><\/div><\/div><\/div><div class=\"uncode_text_column\" ><p>Una <strong>etiqueta energ\u00e8tica<\/strong> \u00e9s un document on\u00a0indica l\u2019efici\u00e8ncia energ\u00e8tica d\u2019un habitatge. Aquest document est\u00e0 pensat per a habitatges on s\u2019hi ha viscut un m\u00ednim de dos anys i es disposa de consums.<\/p>\n<\/div><\/div><\/div><\/div><\/div><\/div><div class=\"wpb_column pos-middle pos-center align_center column_child col-lg-6 boomapps_vccolumn single-internal-gutter\"><div class=\"uncol style-light\" ><div class=\"uncoltable\"><div class=\"uncell  boomapps_vccolumn no-block-padding\" ><div class=\"uncont\" style=\" max-width:80%;\" ><div class=\"uncode-single-media  text-center\"><div class=\"single-wrapper\" style=\"max-width: 35%;\"><div class=\"tmb tmb-light  tmb-media-first tmb-media-last tmb-content-overlay tmb-no-bg\"><div class=\"t-inside\"><div class=\"t-entry-visual\"><div class=\"t-entry-visual-tc\"><div class=\"uncode-single-media-wrapper\"><img decoding=\"async\" class=\"wp-image-83934\" src=\"https:\/\/www.lausengier.com\/wp-content\/uploads\/2021\/06\/eficiencia_energetica_icono.png\" width=\"512\" height=\"512\" alt=\"\" srcset=\"https:\/\/www.lausengier.com\/wp-content\/uploads\/2021\/06\/eficiencia_energetica_icono.png 512w, https:\/\/www.lausengier.com\/wp-content\/uploads\/2021\/06\/eficiencia_energetica_icono-300x300.png 300w, https:\/\/www.lausengier.com\/wp-content\/uploads\/2021\/06\/eficiencia_energetica_icono-150x150.png 150w, https:\/\/www.lausengier.com\/wp-content\/uploads\/2021\/06\/eficiencia_energetica_icono-12x12.png 12w\" sizes=\"(max-width: 512px) 100vw, 512px\" \/><\/div>\n\t\t\t\t\t<\/div>\n\t\t\t\t<\/div><\/div><\/div><\/div><\/div><div class=\"uncode_text_column\" ><p>Un <strong>certificat energ\u00e8tic<\/strong> va acompanyat d\u2019un informe complet on es\u00a0detalla les diferents caracter\u00edstiques energ\u00e8tiques de la\u00a0habitatge\u00a0i les possibles millores que es recomanen per a poder obtenir una nota major en el certificat.<\/p>\n<\/div><\/div><\/div><\/div><\/div><\/div><\/div><\/div><\/div><\/div><\/div><\/div><\/div><\/div><script id=\"script-row-unique-1\" data-row=\"script-row-unique-1\" type=\"text\/javascript\" class=\"vc_controls\">UNCODE.initRow(document.getElementById(\"row-unique-1\"));<\/script><\/div><\/div><\/div><div data-parent=\"true\" class=\"vc_row has-bg need-focus style-accent-bg row-container onepage-section boomapps_vcrow\" data-label=\"howto\" data-name=\"howto\" id=\"row-unique-2\"><div class=\"row limit-width row-parent\"><div class=\"wpb_row row-inner\"><div class=\"wpb_column pos-middle pos-center align_center column_parent col-lg-12 boomapps_vccolumn single-internal-gutter\"><div class=\"uncol style-spec style-dark\"  ><div class=\"uncoltable\"><div class=\"uncell  boomapps_vccolumn no-block-padding\" ><div class=\"uncont\" ><div class=\"vc_custom_heading_wrap\"><div class=\"heading-text el-text\" ><h2 class=\"h1\" ><span><\/p><\/span><span><h2 style=\"text-align: center;\"><span style=\"font-size: 24pt;\">Quins s\u00f3n els passos per aconseguir la meva etiqueta energ\u00e8tica o certificat energ\u00e8tic a Andorra?<\/span><\/h2><\/span><span><p><\/span><\/h2><\/div><div class=\"clear\"><\/div><\/div><div class=\"vc_row row-internal row-container boomapps_vcrow\"><div class=\"row row-child\"><div class=\"wpb_row row-inner\"><div class=\"wpb_column pos-middle pos-center align_center column_child col-lg-4 boomapps_vccolumn single-internal-gutter\"><div class=\"uncol style-spec style-dark\" ><div class=\"uncoltable\"><div class=\"uncell  boomapps_vccolumn no-block-padding\" ><div class=\"uncont\" ><div class=\"icon-box icon-box-top\" ><div class=\"icon-box-icon fa-container\" ><span class=\"text-default-color btn-disable-hover\"><i class=\"fa fa-phone fa-4x fa-fw\"><\/i><\/span><\/div><div class=\"icon-box-content\">\n<p style=\"text-align: left;\">Truca&#8217;ns al +376352023 o envia&#8217;ns un missatge a trav\u00e9s del formulari que trobar\u00e0s a continuaci\u00f3.<br \/><\/p>\n<\/div><\/div><\/div><\/div><\/div><\/div><\/div><div class=\"wpb_column pos-middle pos-center align_center column_child col-lg-4 boomapps_vccolumn single-internal-gutter\"><div class=\"uncol style-spec style-dark\" ><div class=\"uncoltable\"><div class=\"uncell  boomapps_vccolumn no-block-padding\" ><div class=\"uncont\" ><div class=\"icon-box icon-box-top\" ><div class=\"icon-box-icon fa-container\" ><span class=\"text-default-color btn-disable-hover\"><i class=\"fa fa-documents fa-4x fa-fw\"><\/i><\/span><\/div><div class=\"icon-box-content\">\n<p style=\"text-align: left;\">Ens posarem en contacte amb t\u00fa demanant informaci\u00f3 relacionada amb el teu habitatge i establir una visita presencial.<br \/><\/p>\n<\/div><\/div><\/div><\/div><\/div><\/div><\/div><div class=\"wpb_column pos-middle pos-center align_center column_child col-lg-4 boomapps_vccolumn single-internal-gutter\"><div class=\"uncol style-spec style-dark\" ><div class=\"uncoltable\"><div class=\"uncell  boomapps_vccolumn no-block-padding\" ><div class=\"uncont\" ><div class=\"icon-box icon-box-top\" ><div class=\"icon-box-icon fa-container\" ><span class=\"text-default-color btn-disable-hover\"><i class=\"fa fa-wallet fa-4x fa-fw\"><\/i><\/span><\/div><div class=\"icon-box-content\"><p style=\"text-align: left;\"><strong>Etiquetes energ\u00e8tiques:<\/strong> Des de 160\u20ac (max 80m2).\u00a0 2\u20ac\/m2 a partir de 80m2. <strong>Certificats energ\u00e8tics:<\/strong> preu a consultar.<\/p>\n<\/div><\/div><\/div><\/div><\/div><\/div><\/div><\/div><\/div><\/div><div class=\"empty-space empty-single\" ><span class=\"empty-space-inner\"><\/span><\/div>\n<\/div><\/div><\/div><\/div><\/div><script id=\"script-row-unique-2\" data-row=\"script-row-unique-2\" type=\"text\/javascript\" class=\"vc_controls\">UNCODE.initRow(document.getElementById(\"row-unique-2\"));<\/script><\/div><\/div><\/div><div data-parent=\"true\" class=\"vc_row has-bg need-focus style-color-lxmt-bg row-container boomapps_vcrow\" id=\"row-unique-3\"><div class=\"row quad-top-padding quad-bottom-padding single-h-padding limit-width row-parent\"><div class=\"wpb_row row-inner\"><div class=\"wpb_column pos-top pos-center align_center column_parent col-lg-12 boomapps_vccolumn double-internal-gutter\"><div class=\"uncol style-light\"  ><div class=\"uncoltable\"><div class=\"uncell  boomapps_vccolumn\" ><div class=\"uncont no-block-padding col-custom-width\" style=\" max-width:996px;\" ><div class=\"vc_row row-internal row-container boomapps_vcrow\"><div class=\"row row-child\"><div class=\"wpb_row row-inner\"><div class=\"wpb_column pos-middle pos-center align_center column_child col-lg-12 boomapps_vccolumn single-internal-gutter\"><div class=\"uncol style-light\" ><div class=\"uncoltable\"><div class=\"uncell  boomapps_vccolumn no-block-padding\" ><div class=\"uncont\" style=\" max-width:696px;\" ><div class=\"vc_custom_heading_wrap\"><div class=\"heading-text el-text\" ><h1 class=\"h1\" ><span><\/p><\/span><span><h1 style=\"text-align: center;\">Contacta&#8217;ns!<\/h1><\/span><span><h3 style=\"text-align: center;\">Envia&#8217;ns la teva consulta i t&#8217;ajudarem a obtenir la teva etiqueta o certificat.<\/h3><\/span><span><p><\/span><\/h1><\/div><div class=\"clear\"><\/div><\/div><\/div><\/div><\/div><\/div><\/div><\/div><\/div><\/div><div class=\"vc_row row-internal row-container boomapps_vcrow\"><div class=\"row row-child\"><div class=\"wpb_row row-inner\"><div class=\"wpb_column pos-middle pos-center align_center column_child col-lg-6 boomapps_vccolumn single-internal-gutter\"><div class=\"uncol style-light\" ><div class=\"uncoltable\"><div class=\"uncell  boomapps_vccolumn no-block-padding\" ><div class=\"uncont\" style=\" max-width:696px;\" ><span class=\"btn-container\" ><a role=\"button\"  href=\"tel:+376352023\" class=\"custom-link btn btn-xl border-width-0 btn-color-200468 btn-icon-left\" target=\"_blank\"><i class=\"fa fa-phone-handset\"><\/i>Trucar<\/a><\/span><\/div><\/div><\/div><\/div><\/div><div class=\"wpb_column pos-top pos-center align_left column_child col-lg-6 boomapps_vccolumn single-internal-gutter\"><div class=\"uncol style-light\" ><div class=\"uncoltable\"><div class=\"uncell  boomapps_vccolumn no-block-padding\" ><div class=\"uncont\" ><span class=\"btn-container\" ><a role=\"button\"  href=\"https:\/\/wa.me\/+376352023\" class=\"custom-link btn btn-xl border-width-0 btn-color-128208 btn-icon-left\" target=\"_blank\"><i class=\"fa fa-whatsapp\"><\/i>Whatsapp<\/a><\/span><\/div><\/div><\/div><\/div><\/div><\/div><\/div><\/div>\n<div class=\"wpcf7 no-js\" id=\"wpcf7-f31132-o1\" lang=\"en-US\" dir=\"ltr\" data-wpcf7-id=\"31132\">\n<div class=\"screen-reader-response\"><p role=\"status\" aria-live=\"polite\" aria-atomic=\"true\"><\/p> <ul><\/ul><\/div>\n<form action=\"\/ca\/wp-json\/wp\/v2\/pages\/83870#wpcf7-f31132-o1\" method=\"post\" class=\"wpcf7-form init input-background\" aria-label=\"Contact form\" novalidate=\"novalidate\" data-status=\"init\" data-trp-original-action=\"\/ca\/wp-json\/wp\/v2\/pages\/83870#wpcf7-f31132-o1\">\n<fieldset class=\"hidden-fields-container\"><input type=\"hidden\" name=\"_wpcf7\" value=\"31132\" \/><input type=\"hidden\" name=\"_wpcf7_version\" value=\"6.1.5\" \/><input type=\"hidden\" name=\"_wpcf7_locale\" value=\"en_US\" \/><input type=\"hidden\" name=\"_wpcf7_unit_tag\" value=\"wpcf7-f31132-o1\" \/><input type=\"hidden\" name=\"_wpcf7_container_post\" value=\"0\" \/><input type=\"hidden\" name=\"_wpcf7_posted_data_hash\" value=\"\" \/><input type=\"hidden\" name=\"_wpcf7_recaptcha_response\" value=\"\" \/>\n<\/fieldset>\n<p><span class=\"wpcf7-form-control-wrap\" data-name=\"your-fullname\"><input size=\"40\" maxlength=\"400\" class=\"wpcf7-form-control wpcf7-text wpcf7-validates-as-required form-fluid\" aria-required=\"true\" aria-invalid=\"false\" placeholder=\"Nom i cognoms\" value=\"\" type=\"text\" name=\"your-fullname\" \/><\/span>\n<\/p>\n<div class=\"wpcf7-inline-wrapper\">\n\t<p class=\"wpcf7-inline-field\"><span class=\"wpcf7-form-control-wrap\" data-name=\"your-email\"><input size=\"40\" maxlength=\"400\" class=\"wpcf7-form-control wpcf7-email wpcf7-validates-as-required wpcf7-text wpcf7-validates-as-email\" aria-required=\"true\" aria-invalid=\"false\" placeholder=\"Correu electr\u00f2nic\" value=\"\" type=\"email\" name=\"your-email\" \/><\/span>\n\t<\/p>\n\t<p class=\"wpcf7-inline-field\"><span class=\"wpcf7-form-control-wrap\" data-name=\"your-telephone\"><input size=\"40\" maxlength=\"400\" class=\"wpcf7-form-control wpcf7-text wpcf7-validates-as-required form-fluid\" aria-required=\"true\" aria-invalid=\"false\" placeholder=\"Tel\u00e8fon\" value=\"\" type=\"text\" name=\"your-telephone\" \/><\/span>\n\t<\/p>\n<\/div>\n<p><span class=\"wpcf7-form-control-wrap\" data-name=\"your-message\"><textarea cols=\"40\" rows=\"8\" maxlength=\"2000\" class=\"wpcf7-form-control wpcf7-textarea\" aria-invalid=\"false\" placeholder=\"Assumpte\" name=\"your-message\"><\/textarea><\/span>\n<\/p>\n<p><span class=\"wpcf7-form-control-wrap\" data-name=\"acceptance-746\"><span class=\"wpcf7-form-control wpcf7-acceptance\"><span class=\"wpcf7-list-item\"><label><input type=\"checkbox\" name=\"acceptance-746\" value=\"1\" aria-invalid=\"false\" \/><span class=\"wpcf7-list-item-label\">\"I have read and accept the terms and conditions of the website, together with the privacy policy.\"<\/span><\/label><\/span><\/span><\/span>\n<\/p>\n<p><input class=\"wpcf7-form-control wpcf7-submit has-spinner btn btn-accent btn-circle\" type=\"submit\" value=\"ENVIAR\" \/>\n<\/p><div class=\"wpcf7-response-output\" aria-hidden=\"true\"><\/div>\n<input type=\"hidden\" name=\"trp-form-language\" value=\"ca\"\/><\/form>\n<\/div>\n<\/div><\/div><\/div><\/div><\/div><script id=\"script-row-unique-3\" data-row=\"script-row-unique-3\" type=\"text\/javascript\" class=\"vc_controls\">UNCODE.initRow(document.getElementById(\"row-unique-3\"));<\/script><\/div><\/div><\/div>\n<\/div>","protected":false},"excerpt":{"rendered":"Necessites un certificat d'efici\u00e8ncia energ\u00e8tica a Andorra?Som un equip d&#8217;enginyers especialitzats en l&#8217;obtenci\u00f3 d&#8217;efici\u00e8ncies energ\u00e8tics per a l&#8217;habitatge. SOL\u00b7LICITAR ARA [...]","protected":false},"author":1,"featured_media":0,"parent":0,"menu_order":0,"comment_status":"closed","ping_status":"closed","template":"","meta":{"footnotes":""},"class_list":["post-83870","page","type-page","status-publish","hentry"],"_links":{"self":[{"href":"https:\/\/www.lausengier.com\/ca\/wp-json\/wp\/v2\/pages\/83870","targetHints":{"allow":["GET"]}}],"collection":[{"href":"https:\/\/www.lausengier.com\/ca\/wp-json\/wp\/v2\/pages"}],"about":[{"href":"https:\/\/www.lausengier.com\/ca\/wp-json\/wp\/v2\/types\/page"}],"author":[{"embeddable":true,"href":"https:\/\/www.lausengier.com\/ca\/wp-json\/wp\/v2\/users\/1"}],"replies":[{"embeddable":true,"href":"https:\/\/www.lausengier.com\/ca\/wp-json\/wp\/v2\/comments?post=83870"}],"version-history":[{"count":85,"href":"https:\/\/www.lausengier.com\/ca\/wp-json\/wp\/v2\/pages\/83870\/revisions"}],"predecessor-version":[{"id":83896,"href":"https:\/\/www.lausengier.com\/ca\/wp-json\/wp\/v2\/pages\/83870\/revisions\/83896"}],"wp:attachment":[{"href":"https:\/\/www.lausengier.com\/ca\/wp-json\/wp\/v2\/media?parent=83870"}],"curies":[{"name":"wp","href":"https:\/\/api.w.org\/{rel}","templated":true}]}}