{"id":78980,"date":"2019-03-07T13:32:02","date_gmt":"2019-03-07T13:32:02","guid":{"rendered":"https:\/\/www.lausengier.com\/?page_id=78980"},"modified":"2022-06-07T10:42:40","modified_gmt":"2022-06-07T10:42:40","slug":"aboutus","status":"publish","type":"page","link":"https:\/\/www.lausengier.com\/es\/aboutus\/","title":{"rendered":"About us"},"content":{"rendered":"<div class=\"wpb-content-wrapper\"><div data-parent=\"true\" class=\"vc_row has-bg need-focus style-color-lxmt-bg row-container boomapps_vcrow\" id=\"row-unique-0\"><div class=\"row limit-width row-parent\"><div class=\"wpb_row row-inner\"><div class=\"wpb_column pos-top pos-center align_left column_parent col-lg-12 boomapps_vccolumn single-internal-gutter\"><div class=\"uncol style-light\"  ><div class=\"uncoltable\"><div class=\"uncell  boomapps_vccolumn no-block-padding\" ><div class=\"uncont\" ><div class=\"vc_row row-internal row-container boomapps_vcrow\"><div class=\"row col-double-gutter row-child\"><div class=\"wpb_row row-inner\"><div class=\"wpb_column pos-middle pos-center align_center column_child col-lg-12 boomapps_vccolumn col-md-50 single-internal-gutter\"><div class=\"uncol style-light\" ><div class=\"uncoltable\"><div class=\"uncell  boomapps_vccolumn no-block-padding\" ><div class=\"uncont\" ><div class=\"vc_custom_heading_wrap\"><div class=\"heading-text el-text\" ><h2 class=\"font-weight-400\" ><span><\/p><\/span><span><p style=\"text-align: center;\"><strong>Lausengier es tu mejor partner de innovaci\u00f3n tecnol\u00f3gica.<\/strong><\/p><\/span><span><p style=\"text-align: center;\">Lausengier naci\u00f3 en el a\u00f1o 2000 para prestar servicios a grandes portales de Internet y se convirti\u00f3 en pionera en la implantaci\u00f3n de soluciones de Internet inal\u00e1mbrico (WiFi) y redes privadas virtuales (VPN) en Europa.<\/p><\/span><span><p><\/span><\/h2><\/div><div class=\"clear\"><\/div><\/div><\/div><\/div><\/div><\/div><\/div><\/div><\/div><\/div><div class=\"empty-space empty-single\" ><span class=\"empty-space-inner\"><\/span><\/div>\n<\/div><\/div><\/div><\/div><\/div><script id=\"script-row-unique-0\" data-row=\"script-row-unique-0\" type=\"text\/javascript\" class=\"vc_controls\">UNCODE.initRow(document.getElementById(\"row-unique-0\"));<\/script><\/div><\/div><\/div><div data-parent=\"true\" class=\"vc_row row-container boomapps_vcrow\" id=\"row-unique-1\"><div class=\"row limit-width row-parent\"><div class=\"wpb_row row-inner\"><div class=\"wpb_column pos-top pos-center align_left column_parent col-lg-12 boomapps_vccolumn single-internal-gutter\"><div class=\"uncol style-light\"  ><div class=\"uncoltable\"><div class=\"uncell  boomapps_vccolumn no-block-padding\" ><div class=\"uncont\" ><div class=\"empty-space empty-single\" ><span class=\"empty-space-inner\"><\/span><\/div>\n<\/div><\/div><\/div><\/div><\/div><script id=\"script-row-unique-1\" data-row=\"script-row-unique-1\" type=\"text\/javascript\" class=\"vc_controls\">UNCODE.initRow(document.getElementById(\"row-unique-1\"));<\/script><\/div><\/div><\/div><div data-parent=\"true\" class=\"vc_row row-container boomapps_vcrow\" id=\"row-unique-2\"><div class=\"row limit-width row-parent\"><div class=\"wpb_row row-inner\"><div class=\"wpb_column pos-top pos-center align_left column_parent col-lg-6 boomapps_vccolumn single-internal-gutter\"><div class=\"uncol style-light\"  ><div class=\"uncoltable\"><div class=\"uncell  boomapps_vccolumn no-block-padding\" ><div class=\"uncont\" ><div class=\"vc_custom_heading_wrap\"><div class=\"heading-text el-text\" ><h2 class=\"h2\" ><span>Nuestra propuesta de valor<\/span><\/h2><\/div><div class=\"clear\"><\/div><\/div><div class=\"divider-wrapper\"  >\n    <hr class=\"unseparator separator-no-padding\"  \/>\n<\/div>\n<div class=\"uncode_text_column\" ><p>Actualmente somos un grupo de personas que disfrutan innovando a trav\u00e9s de la tecnolog\u00eda; construidos en un ambiente de trabajo que fomenta el sentido del trabajo en equipo y el desarrollo del talento individual. Trabajamos para facilitar la creaci\u00f3n e implementaci\u00f3n de proyectos de innovaci\u00f3n tecnol\u00f3gica. Acompa\u00f1ando a las organizaciones en sus iniciativas, y siendo l\u00edderes en las \u00faltimas tendencias.<\/p>\n<\/div><\/div><\/div><\/div><\/div><\/div><div class=\"wpb_column pos-top pos-center align_left column_parent col-lg-6 boomapps_vccolumn single-internal-gutter\"><div class=\"uncol style-light\"  ><div class=\"uncoltable\"><div class=\"uncell  boomapps_vccolumn no-block-padding\" ><div class=\"uncont\" ><div class=\"uncode-single-media  text-left animate_when_almost_visible zoom-in\"><div class=\"single-wrapper\" style=\"max-width: 100%;\"><div class=\"tmb tmb-light  tmb-media-first tmb-media-last tmb-content-overlay tmb-no-bg\"><div class=\"t-inside\"><div class=\"t-entry-visual\"><div class=\"t-entry-visual-tc\"><div class=\"uncode-single-media-wrapper\"><img decoding=\"async\" class=\"wp-image-84045\" src=\"https:\/\/www.lausengier.com\/wp-content\/uploads\/2022\/03\/liderazgp-scaled.jpg\" width=\"2560\" height=\"1707\" alt=\"\" srcset=\"https:\/\/www.lausengier.com\/wp-content\/uploads\/2022\/03\/liderazgp-scaled.jpg 2560w, https:\/\/www.lausengier.com\/wp-content\/uploads\/2022\/03\/liderazgp-300x200.jpg 300w, https:\/\/www.lausengier.com\/wp-content\/uploads\/2022\/03\/liderazgp-1024x683.jpg 1024w, https:\/\/www.lausengier.com\/wp-content\/uploads\/2022\/03\/liderazgp-768x512.jpg 768w, https:\/\/www.lausengier.com\/wp-content\/uploads\/2022\/03\/liderazgp-1536x1024.jpg 1536w, https:\/\/www.lausengier.com\/wp-content\/uploads\/2022\/03\/liderazgp-2048x1365.jpg 2048w, https:\/\/www.lausengier.com\/wp-content\/uploads\/2022\/03\/liderazgp-18x12.jpg 18w, https:\/\/www.lausengier.com\/wp-content\/uploads\/2022\/03\/liderazgp-scaled-uai-720x480.jpg 720w\" sizes=\"(max-width: 2560px) 100vw, 2560px\" \/><\/div>\n\t\t\t\t\t<\/div>\n\t\t\t\t<\/div><\/div><\/div><\/div><\/div><\/div><\/div><\/div><\/div><\/div><script id=\"script-row-unique-2\" data-row=\"script-row-unique-2\" type=\"text\/javascript\" class=\"vc_controls\">UNCODE.initRow(document.getElementById(\"row-unique-2\"));<\/script><\/div><\/div><\/div><div data-parent=\"true\" class=\"vc_row row-container boomapps_vcrow\" id=\"row-unique-3\"><div class=\"row limit-width row-parent\"><div class=\"wpb_row row-inner\"><div class=\"wpb_column pos-top pos-center align_left column_parent col-lg-12 boomapps_vccolumn single-internal-gutter\"><div class=\"uncol style-light\"  ><div class=\"uncoltable\"><div class=\"uncell  boomapps_vccolumn no-block-padding\" ><div class=\"uncont\" ><div class=\"empty-space empty-single\" ><span class=\"empty-space-inner\"><\/span><\/div>\n<\/div><\/div><\/div><\/div><\/div><script id=\"script-row-unique-3\" data-row=\"script-row-unique-3\" type=\"text\/javascript\" class=\"vc_controls\">UNCODE.initRow(document.getElementById(\"row-unique-3\"));<\/script><\/div><\/div><\/div><div data-parent=\"true\" class=\"vc_row row-container boomapps_vcrow\" id=\"row-unique-4\"><div class=\"row limit-width row-parent\"><div class=\"wpb_row row-inner\"><div class=\"wpb_column pos-top pos-center align_left column_parent col-lg-6 boomapps_vccolumn single-internal-gutter\"><div class=\"uncol style-light\"  ><div class=\"uncoltable\"><div class=\"uncell  boomapps_vccolumn no-block-padding\" ><div class=\"uncont\" ><div class=\"uncode-single-media  text-left\"><div class=\"single-wrapper\" style=\"max-width: 100%;\"><div class=\"tmb tmb-light  tmb-media-first tmb-media-last tmb-content-overlay tmb-no-bg\"><div class=\"t-inside\"><div class=\"t-entry-visual\"><div class=\"t-entry-visual-tc\"><div class=\"uncode-single-media-wrapper\"><img decoding=\"async\" class=\"wp-image-84045\" src=\"https:\/\/www.lausengier.com\/wp-content\/uploads\/2022\/03\/liderazgp-scaled.jpg\" width=\"2560\" height=\"1707\" alt=\"\" srcset=\"https:\/\/www.lausengier.com\/wp-content\/uploads\/2022\/03\/liderazgp-scaled.jpg 2560w, https:\/\/www.lausengier.com\/wp-content\/uploads\/2022\/03\/liderazgp-300x200.jpg 300w, https:\/\/www.lausengier.com\/wp-content\/uploads\/2022\/03\/liderazgp-1024x683.jpg 1024w, https:\/\/www.lausengier.com\/wp-content\/uploads\/2022\/03\/liderazgp-768x512.jpg 768w, https:\/\/www.lausengier.com\/wp-content\/uploads\/2022\/03\/liderazgp-1536x1024.jpg 1536w, https:\/\/www.lausengier.com\/wp-content\/uploads\/2022\/03\/liderazgp-2048x1365.jpg 2048w, https:\/\/www.lausengier.com\/wp-content\/uploads\/2022\/03\/liderazgp-18x12.jpg 18w, https:\/\/www.lausengier.com\/wp-content\/uploads\/2022\/03\/liderazgp-scaled-uai-720x480.jpg 720w\" sizes=\"(max-width: 2560px) 100vw, 2560px\" \/><\/div>\n\t\t\t\t\t<\/div>\n\t\t\t\t<\/div><\/div><\/div><\/div><\/div><\/div><\/div><\/div><\/div><\/div><div class=\"wpb_column pos-top pos-center align_left column_parent col-lg-6 boomapps_vccolumn single-internal-gutter\"><div class=\"uncol style-light\"  ><div class=\"uncoltable\"><div class=\"uncell  boomapps_vccolumn no-block-padding\" ><div class=\"uncont\" ><div class=\"vc_custom_heading_wrap\"><div class=\"heading-text el-text\" ><h2 class=\"h2\" ><span><span class=\"TextRun BCX0 SCXW59349308\" lang=\"CA-ES\" xml:lang=\"CA-ES\" data-contrast=\"none\"><span class=\"NormalTextRun BCX0 SCXW59349308\">Nuestra misi\u00f3n<\/span><\/span><\/span><\/h2><\/div><div class=\"clear\"><\/div><\/div><div class=\"divider-wrapper\"  >\n    <hr class=\"unseparator separator-no-padding\"  \/>\n<\/div>\n<div class=\"uncode_text_column\" ><p>Queremos avanzar hacia un mundo m\u00e1s conectado y global que facilite la vida de las personas con las \u00faltimas disrupciones: blockchain, big data, Inteligencia Artificial, movilidad, IoT, 5G y lo que est\u00e1 por venir.<\/p>\n<p>Podemos ofrecerle los servicios de algunos de los mejores profesionales de los cinco continentes en su campo. Bajo una estrecha coordinaci\u00f3n e implicados en su proyecto. Nuestra f\u00e1brica de innovaci\u00f3n es capaz de acompa\u00f1ar y cubrir cualquier iniciativa o necesidad de su empresa.<\/p>\n<\/div><\/div><\/div><\/div><\/div><\/div><script id=\"script-row-unique-4\" data-row=\"script-row-unique-4\" type=\"text\/javascript\" class=\"vc_controls\">UNCODE.initRow(document.getElementById(\"row-unique-4\"));<\/script><\/div><\/div><\/div><div data-parent=\"true\" class=\"vc_row row-container boomapps_vcrow\" id=\"row-unique-5\"><div class=\"row limit-width row-parent\"><div class=\"wpb_row row-inner\"><div class=\"wpb_column pos-top pos-center align_left column_parent col-lg-12 boomapps_vccolumn single-internal-gutter\"><div class=\"uncol style-light\"  ><div class=\"uncoltable\"><div class=\"uncell  boomapps_vccolumn no-block-padding\" ><div class=\"uncont\" ><div class=\"empty-space empty-single\" ><span class=\"empty-space-inner\"><\/span><\/div>\n<\/div><\/div><\/div><\/div><\/div><script id=\"script-row-unique-5\" data-row=\"script-row-unique-5\" type=\"text\/javascript\" class=\"vc_controls\">UNCODE.initRow(document.getElementById(\"row-unique-5\"));<\/script><\/div><\/div><\/div><div data-parent=\"true\" class=\"vc_row has-bg need-focus style-color-105272-bg row-container boomapps_vcrow\" id=\"row-unique-6\"><div class=\"row-background background-element\">\n\t\t\t\t\t\t\t\t\t\t\t<div class=\"background-wrapper\">\n\t\t\t\t\t\t\t\t\t\t\t\t<div class=\"background-inner\" style=\"background-image: url(https:\/\/www.lausengier.com\/wp-content\/uploads\/2022\/03\/contact_background.jpg);background-repeat: no-repeat;background-position: center center;background-attachment: scroll;background-size: cover;\"><\/div>\n\t\t\t\t\t\t\t\t\t\t\t\t\n\t\t\t\t\t\t\t\t\t\t\t<\/div>\n\t\t\t\t\t\t\t\t\t\t<\/div><div class=\"row limit-width row-parent\" data-height-ratio=\"90\"><div class=\"wpb_row row-inner\"><div class=\"wpb_column pos-middle pos-center align_center column_parent col-lg-12 boomapps_vccolumn single-internal-gutter\"><div class=\"uncol style-spec style-dark\"  ><div class=\"uncoltable\"><div class=\"uncell  boomapps_vccolumn no-block-padding\" ><div class=\"uncont\" ><div class=\"vc_custom_heading_wrap\"><div class=\"heading-text el-text\" ><h2 class=\"h2\" ><span><span style=\"font-size: 24pt;\">Cu\u00e9ntanos tu idea<\/span><\/span><\/h2><\/div><div class=\"clear\"><\/div><\/div><div class=\"uncode_text_column\" ><\/p>\n<p style=\"text-align: center;\"><span style=\"font-size: 12pt;\">Nos pondremos en contacto contigo para conocer tu proyecto<\/span><\/p>\n<p>\n<\/div><span class=\"btn-container\" ><a role=\"button\"  href=\"https:\/\/www.lausengier.com\/es\/contacte\/\" class=\"custom-link btn btn-xl border-width-0 btn-default btn-icon-left\" title=\"Contacto\" target=\"_blank\">Cont\u00e1ctanos<\/a><\/span><\/div><\/div><\/div><\/div><\/div><script id=\"script-row-unique-6\" data-row=\"script-row-unique-6\" type=\"text\/javascript\" class=\"vc_controls\">UNCODE.initRow(document.getElementById(\"row-unique-6\"));<\/script><\/div><\/div><\/div>\n<\/div>","protected":false},"excerpt":{"rendered":"Lausengier is your best partner in technological innovation.Lausengier was born in 2000 to provide services to large Internet portals and [...]","protected":false},"author":1,"featured_media":0,"parent":0,"menu_order":0,"comment_status":"closed","ping_status":"closed","template":"","meta":{"footnotes":""},"class_list":["post-78980","page","type-page","status-publish","hentry"],"_links":{"self":[{"href":"https:\/\/www.lausengier.com\/es\/wp-json\/wp\/v2\/pages\/78980","targetHints":{"allow":["GET"]}}],"collection":[{"href":"https:\/\/www.lausengier.com\/es\/wp-json\/wp\/v2\/pages"}],"about":[{"href":"https:\/\/www.lausengier.com\/es\/wp-json\/wp\/v2\/types\/page"}],"author":[{"embeddable":true,"href":"https:\/\/www.lausengier.com\/es\/wp-json\/wp\/v2\/users\/1"}],"replies":[{"embeddable":true,"href":"https:\/\/www.lausengier.com\/es\/wp-json\/wp\/v2\/comments?post=78980"}],"version-history":[{"count":14,"href":"https:\/\/www.lausengier.com\/es\/wp-json\/wp\/v2\/pages\/78980\/revisions"}],"predecessor-version":[{"id":84092,"href":"https:\/\/www.lausengier.com\/es\/wp-json\/wp\/v2\/pages\/78980\/revisions\/84092"}],"wp:attachment":[{"href":"https:\/\/www.lausengier.com\/es\/wp-json\/wp\/v2\/media?parent=78980"}],"curies":[{"name":"wp","href":"https:\/\/api.w.org\/{rel}","templated":true}]}}