{"id":78986,"date":"2019-03-07T13:40:07","date_gmt":"2019-03-07T13:40:07","guid":{"rendered":"https:\/\/www.lausengier.com\/?page_id=78986"},"modified":"2019-09-19T09:23:31","modified_gmt":"2019-09-19T09:23:31","slug":"services","status":"publish","type":"page","link":"https:\/\/www.lausengier.com\/es\/services\/","title":{"rendered":"SERVICIOS"},"content":{"rendered":"<div class=\"wpb-content-wrapper\"><div data-parent=\"true\" class=\"vc_row row-container boomapps_vcrow\" id=\"row-unique-0\"><div class=\"row limit-width row-parent\"><div class=\"wpb_row row-inner\"><div class=\"wpb_column pos-top pos-center align_left column_parent col-lg-12 boomapps_vccolumn single-internal-gutter\"><div class=\"uncol style-light\"  ><div class=\"uncoltable\"><div class=\"uncell  boomapps_vccolumn no-block-padding\" ><div class=\"uncont\" ><div class=\"vc_custom_heading_wrap\"><div class=\"heading-text el-text\" ><h2 class=\"h2\" ><span>Nuevas Tecnolog\u00edas y Servicios IT 360\u00ba para empresas<\/span><\/h2><\/div><div class=\"clear\"><\/div><\/div><div class=\"vc_custom_heading_wrap\"><div class=\"heading-text el-text\" ><h4 class=\"h4\" ><span>Nuestra factor\u00eda de innovaci\u00f3n es capaz de acompa\u00f1ar y dar cobertura a cualquier iniciativa o necesidad de tu compa\u00f1\u00eda.<\/p><\/span><span><p>Nuestro lema es: Nothing is imposible.<\/span><\/h4><\/div><div class=\"clear\"><\/div><\/div><span class=\"btn-container\" ><a role=\"button\"  href=\"https:\/\/www.lausengier.com\/es\/contacte\/\" class=\"custom-link btn border-width-0 btn-default btn-icon-left\" title=\"Contacto\">LET&#8217;S GO TOGETHER<\/a><\/span><div class=\"vc_row row-internal row-container boomapps_vcrow\"><div class=\"row row-child\"><div class=\"wpb_row row-inner\"><div class=\"wpb_column pos-top pos-center align_center column_child col-lg-4 boomapps_vccolumn single-internal-gutter\"><div class=\"uncol style-light\" ><div class=\"uncoltable\"><div class=\"uncell  boomapps_vccolumn no-block-padding\" ><div class=\"uncont\" ><div class=\"icon-box icon-box-top\" ><div class=\"icon-box-icon fa-container\" ><span class=\"text-default-color btn-disable-hover\"><i class=\"fa fa-circle-compass fa-4x fa-fw\"><\/i><\/span><\/div><div class=\"icon-box-content\"><div class=\"icon-box-heading icon-box-fa-4x\"><h3 class=\"h3\">Asesoramiento tecnol\u00f3gico integral a las empresas<\/h3><\/div><p>We are &#8216;Thinkers&#8217;, we have a powerful team that combines strategists, business developers, designers, engineers and experts in disruptive technologies. We turn ideas into growth. The experience of our team brings together all the necessary capacities to accompany our clients throughout the creative process. We offer a complete service, from the previous study to the maintenance of projects already deployed and consolidated. Our goal is to optimize the customer&#8217;s resources to the maximum, ensuring maximum satisfaction and meeting their expectations.<\/p>\n<\/div><\/div><\/div><\/div><\/div><\/div><\/div><div class=\"wpb_column pos-top pos-center align_center column_child col-lg-4 boomapps_vccolumn single-internal-gutter\"><div class=\"uncol style-light\" ><div class=\"uncoltable\"><div class=\"uncell  boomapps_vccolumn no-block-padding\" ><div class=\"uncont\" ><div class=\"icon-box icon-box-top\" ><div class=\"icon-box-icon fa-container\" ><span class=\"text-default-color btn-disable-hover\"><i class=\"fa fa-laptop3 fa-4x fa-fw\"><\/i><\/span><\/div><div class=\"icon-box-content\"><div class=\"icon-box-heading icon-box-fa-4x\"><h3 class=\"h3\">Implantaci\u00f3n de nuevas tecnolog\u00edas para ERP y CRM<\/h3><\/div><p>Our goal is to help our clients with their management systems, always looking for excellence and innovation in their company, and betting on the digital transformation and &#8220;long-term relationships&#8221;. We have great experience in the conceptualization, search, implementation and optimization of business solutions (ERP, CRM, BI). We DO NOT represent a brand, we owe only our customers and we advise them on the best solution according to type of company, dimensions and needs.<\/p>\n<\/div><\/div><\/div><\/div><\/div><\/div><\/div><div class=\"wpb_column pos-top pos-center align_center column_child col-lg-4 boomapps_vccolumn single-internal-gutter\"><div class=\"uncol style-light\" ><div class=\"uncoltable\"><div class=\"uncell  boomapps_vccolumn no-block-padding\" ><div class=\"uncont\" ><div class=\"icon-box icon-box-top\" ><div class=\"icon-box-icon fa-container\" ><span class=\"text-default-color btn-disable-hover\"><i class=\"fa fa-apartment fa-4x fa-fw\"><\/i><\/span><\/div><div class=\"icon-box-content\"><div class=\"icon-box-heading icon-box-fa-4x\"><h3 class=\"h3\">T\u00e9cnicas de aumento de la productividad y rendimiento<\/h3><\/div><p>Estas t\u00e9cnicas tienen como objetivo principal constatar que la consolidaci\u00f3n de un nuevo modelo estrat\u00e9gico, organizativo y de actividad empresarial, vinculado con la inversi\u00f3n y el uso de las TIC, modifica sustancialmente los patrones de comportamiento de los resultados empresariales, en especial la productividad, la competitividad, las retribuciones de los trabajadores y el beneficio de la empresa.<\/p>\n<\/div><\/div><\/div><\/div><\/div><\/div><\/div><\/div><\/div><\/div><div class=\"vc_row row-internal row-container boomapps_vcrow\"><div class=\"row row-child\"><div class=\"wpb_row row-inner\"><div class=\"wpb_column pos-top pos-center align_center column_child col-lg-4 boomapps_vccolumn single-internal-gutter\"><div class=\"uncol style-light\" ><div class=\"uncoltable\"><div class=\"uncell  boomapps_vccolumn no-block-padding\" ><div class=\"uncont\" ><div class=\"icon-box icon-box-top\" ><div class=\"icon-box-icon fa-container\" ><span class=\"text-default-color btn-disable-hover\"><i class=\"fa fa-sellsy fa-4x fa-fw\"><\/i><\/span><\/div><div class=\"icon-box-content\"><div class=\"icon-box-heading icon-box-fa-4x\"><h3 class=\"h3\">T\u00e9cnicas de aumento de notoriedad y ventas<\/h3><\/div><p>Mediante la tecnolog\u00eda (SEO, SEM, XXSS, etc.) creamos juntos una estrategia c\u00f3moda y real de construcci\u00f3n de imagen, diferenciaci\u00f3n de la competencia y creaci\u00f3n de valor que act\u00fae como una herramienta de aumento de ventas y \/ o notoriedad de la nuestra marca.<\/p>\n<\/div><\/div><\/div><\/div><\/div><\/div><\/div><div class=\"wpb_column pos-top pos-center align_center column_child col-lg-4 boomapps_vccolumn single-internal-gutter\"><div class=\"uncol style-light\" ><div class=\"uncoltable\"><div class=\"uncell  boomapps_vccolumn no-block-padding\" ><div class=\"uncont\" ><div class=\"icon-box icon-box-top\" ><div class=\"icon-box-icon fa-container\" ><span class=\"text-default-color btn-disable-hover\"><i class=\"fa fa-wallet fa-4x fa-fw\"><\/i><\/span><\/div><div class=\"icon-box-content\"><div class=\"icon-box-heading icon-box-fa-4x\"><h3 class=\"h3\">Ahorro de costes a trav\u00e9s de la tecnolog\u00eda<\/h3><\/div><p>El permanente desarrollo de las nuevas tecnolog\u00edas nos permite aplicar cada d\u00eda nuevos recursos y posibilidades dentro de nuestra organizaci\u00f3n. Las autopistas de la informaci\u00f3n son cada vez m\u00e1s una fuente de ahorro y oportunidades si se utilizan de forma adecuada.<\/p>\n<\/div><\/div><\/div><\/div><\/div><\/div><\/div><div class=\"wpb_column pos-top pos-center align_center column_child col-lg-4 boomapps_vccolumn single-internal-gutter\"><div class=\"uncol style-light\" ><div class=\"uncoltable\"><div class=\"uncell  boomapps_vccolumn no-block-padding\" ><div class=\"uncont\" ><div class=\"icon-box icon-box-top\" ><div class=\"icon-box-icon fa-container\" ><span class=\"text-default-color btn-disable-hover\"><i class=\"fa fa-upload fa-4x fa-fw\"><\/i><\/span><\/div><div class=\"icon-box-content\"><div class=\"icon-box-heading icon-box-fa-4x\"><h3 class=\"h3\">Transformaci\u00f3n digital de negocios<\/h3><\/div><p>The digital transformation of a business is more than the name given to the realization of a business model change that the Internet is consolidating in business structures. It can range from the adoption of more or less complex computer systems, to a profound change in organizational structures &#8211; business model and significantly affects the corporate and managerial culture.<\/p>\n<\/div><\/div><\/div><\/div><\/div><\/div><\/div><\/div><\/div><\/div><\/div><\/div><\/div><\/div><\/div><script id=\"script-row-unique-0\" data-row=\"script-row-unique-0\" type=\"text\/javascript\" class=\"vc_controls\">UNCODE.initRow(document.getElementById(\"row-unique-0\"));<\/script><\/div><\/div><\/div>\n<\/div>","protected":false},"excerpt":{"rendered":"New Technologies and IT Services 360\u00ba for companiesOur innovation factory is able to accompany and cover any initiative or need [...]","protected":false},"author":1,"featured_media":0,"parent":0,"menu_order":0,"comment_status":"closed","ping_status":"closed","template":"","meta":{"footnotes":""},"class_list":["post-78986","page","type-page","status-publish","hentry"],"_links":{"self":[{"href":"https:\/\/www.lausengier.com\/es\/wp-json\/wp\/v2\/pages\/78986","targetHints":{"allow":["GET"]}}],"collection":[{"href":"https:\/\/www.lausengier.com\/es\/wp-json\/wp\/v2\/pages"}],"about":[{"href":"https:\/\/www.lausengier.com\/es\/wp-json\/wp\/v2\/types\/page"}],"author":[{"embeddable":true,"href":"https:\/\/www.lausengier.com\/es\/wp-json\/wp\/v2\/users\/1"}],"replies":[{"embeddable":true,"href":"https:\/\/www.lausengier.com\/es\/wp-json\/wp\/v2\/comments?post=78986"}],"version-history":[{"count":12,"href":"https:\/\/www.lausengier.com\/es\/wp-json\/wp\/v2\/pages\/78986\/revisions"}],"predecessor-version":[{"id":79147,"href":"https:\/\/www.lausengier.com\/es\/wp-json\/wp\/v2\/pages\/78986\/revisions\/79147"}],"wp:attachment":[{"href":"https:\/\/www.lausengier.com\/es\/wp-json\/wp\/v2\/media?parent=78986"}],"curies":[{"name":"wp","href":"https:\/\/api.w.org\/{rel}","templated":true}]}}