{"id":78988,"date":"2019-03-07T13:40:29","date_gmt":"2019-03-07T13:40:29","guid":{"rendered":"https:\/\/www.lausengier.com\/?page_id=78988"},"modified":"2022-03-15T12:12:04","modified_gmt":"2022-03-15T12:12:04","slug":"blockchain-dlt","status":"publish","type":"page","link":"https:\/\/www.lausengier.com\/es\/blockchain-dlt\/","title":{"rendered":"Blockchain &#038; DLT"},"content":{"rendered":"<div class=\"wpb-content-wrapper\"><div data-parent=\"true\" class=\"vc_row row-container boomapps_vcrow\" id=\"row-unique-0\"><div class=\"row quad-top-padding quad-bottom-padding single-h-padding limit-width row-parent\"><div class=\"wpb_row row-inner\"><div class=\"wpb_column pos-top pos-center align_left column_parent col-lg-12 boomapps_vccolumn double-internal-gutter\"><div class=\"uncol style-light animate_when_almost_visible bottom-t-top\"  data-speed=\"1000\"><div class=\"uncoltable\"><div class=\"uncell  boomapps_vccolumn no-block-padding\" ><div class=\"uncont\" ><div class=\"vc_row row-internal row-container boomapps_vcrow\"><div class=\"row col-double-gutter row-child\"><div class=\"wpb_row row-inner\"><div class=\"wpb_column pos-top pos-left align_left column_child col-lg-12 boomapps_vccolumn col-md-50 single-internal-gutter\"><div class=\"uncol style-light\" ><div class=\"uncoltable\"><div class=\"uncell  boomapps_vccolumn no-block-padding\" ><div class=\"uncont\" ><div class=\"vc_custom_heading_wrap\"><div class=\"heading-text el-text\" ><h2 class=\"font-weight-400\" ><span><\/p><\/span><span><ul><\/span><span><li><span data-contrast=\"none\">Partner of <a href=\"https:\/\/www.gsr.io\">GSR<\/a>.<\/span><span data-ccp-props=\"{&quot;134233117&quot;:true,&quot;134233118&quot;:true,&quot;335551550&quot;:6,&quot;335551620&quot;:6}\">\u00a0<\/span><\/li><\/span><span><li data-leveltext=\"\uf0b7\" data-font=\"Symbol\" data-listid=\"1\" aria-setsize=\"-1\" data-aria-posinset=\"2\" data-aria-level=\"1\"><span data-contrast=\"none\">Partner of <a href=\"https:\/\/www.yellow.com\">Yellow<\/a>.<\/span><span data-ccp-props=\"{&quot;134233117&quot;:true,&quot;134233118&quot;:true,&quot;335551550&quot;:6,&quot;335551620&quot;:6}\">\u00a0<\/span><\/li><\/span><span><li data-leveltext=\"\uf0b7\" data-font=\"Symbol\" data-listid=\"1\" aria-setsize=\"-1\" data-aria-posinset=\"3\" data-aria-level=\"1\"><span data-contrast=\"none\">Partner of <a href=\"https:\/\/www.openware.com\">Openware<\/a>.<\/span><span data-ccp-props=\"{&quot;134233117&quot;:true,&quot;134233118&quot;:true,&quot;335551550&quot;:6,&quot;335551620&quot;:6}\">\u00a0<\/span><\/li><\/span><span><li data-leveltext=\"\uf0b7\" data-font=\"Symbol\" data-listid=\"1\" aria-setsize=\"-1\" data-aria-posinset=\"3\" data-aria-level=\"1\"><span data-contrast=\"none\">Partner <a href=\"https:\/\/www.junyer.net\">KJunyer Economistes<\/a><\/span><span data-ccp-props=\"{&quot;134233117&quot;:true,&quot;134233118&quot;:true,&quot;335551550&quot;:6,&quot;335551620&quot;:6}\">.<\/span><\/li><\/span><span><li data-leveltext=\"\uf0b7\" data-font=\"Symbol\" data-listid=\"1\" aria-setsize=\"-1\" data-aria-posinset=\"3\" data-aria-level=\"1\"><span data-contrast=\"none\">Partner Bitlegal Tech.<\/span><\/li><\/span><span><li data-leveltext=\"\uf0b7\" data-font=\"Symbol\" data-listid=\"1\" aria-setsize=\"-1\" data-aria-posinset=\"3\" data-aria-level=\"1\"><span data-contrast=\"none\">ANDBlockchain i Chiang Mai Blockchain CO-Founders.<\/span><\/li><\/span><span><li data-leveltext=\"\uf0b7\" data-font=\"Symbol\" data-listid=\"1\" aria-setsize=\"-1\" data-aria-posinset=\"3\" data-aria-level=\"1\"><span data-contrast=\"none\">Mentoring a l\u2019incubadora del NIU d&#8217;Andorra Telecom.<\/span><\/li><\/span><span><\/ul><\/span><span><p><\/span><\/h2><\/div><div class=\"clear\"><\/div><\/div><div class=\"vc_custom_heading_wrap\"><div class=\"heading-text el-text\" ><h2 class=\"h4 font-weight-400\" ><span><\/p><\/span><span><p style=\"text-align: left;\">Lausengier integra en su equipo de profesionales y partners algunos de los actores m\u00e1s reconocidos de la escena de la Blockchain y DLT internacional. Utilizamos la tecnolog\u00eda Blockchain para crear soluciones descentralizadas, personalizadas y escalables. Nuestro equipo selecciona el entorno que mejor se adapta a las necesidades de nuestros clientes para obtener el mejor producto posible.<\/p><\/span><span><p style=\"text-align: left;\">Tenemos experiencia contrastada en el asesoramiento de startups Blockchain. Nuestro trabajo ha contribuido al \u00e9xito de decenas de millones de euros de financiaci\u00f3n. Gracias a nuestro expertise y en nuestra red de partners podemos cubrir desde las necesidades tecnol\u00f3gicas de las startups de Blockchain hasta los requisitos de marketing o el asesoramiento legal.<\/p><\/span><span><p style=\"text-align: left;\">Tambi\u00e9n participamos como Business Angels en proyectos potenciales que necesitan un impulso inicial.<\/p><\/span><span><p><\/span><\/h2><\/div><div class=\"clear\"><\/div><\/div><\/div><\/div><\/div><\/div><\/div><\/div><\/div><\/div><\/div><\/div><\/div><\/div><\/div><script id=\"script-row-unique-0\" data-row=\"script-row-unique-0\" type=\"text\/javascript\" class=\"vc_controls\">UNCODE.initRow(document.getElementById(\"row-unique-0\"));<\/script><\/div><\/div><\/div><div data-parent=\"true\" class=\"vc_row row-container boomapps_vcrow\" id=\"row-unique-1\"><div class=\"row-background background-element\">\n\t\t\t\t\t\t\t\t\t\t\t<div class=\"background-wrapper\">\n\t\t\t\t\t\t\t\t\t\t\t\t<div class=\"background-inner\" style=\"background-image: url(https:\/\/www.lausengier.com\/wp-content\/uploads\/2019\/02\/image-placeholder-1-min.jpg);background-repeat: no-repeat;background-position: center center;background-attachment: scroll;background-size: cover;\"><\/div>\n\t\t\t\t\t\t\t\t\t\t\t\t<div class=\"block-bg-overlay style-color-jevc-bg\" style=\"opacity: 0.5;\"><\/div>\n\t\t\t\t\t\t\t\t\t\t\t<\/div>\n\t\t\t\t\t\t\t\t\t\t<\/div><div class=\"row quad-top-padding quad-bottom-padding single-h-padding limit-width row-parent\"><div class=\"wpb_row row-inner\"><div class=\"wpb_column pos-top pos-center align_left column_parent col-lg-12 boomapps_vccolumn double-internal-gutter\"><div class=\"uncol style-light animate_when_almost_visible bottom-t-top\"  data-speed=\"1000\"><div class=\"uncoltable\"><div class=\"uncell  boomapps_vccolumn no-block-padding\" ><div class=\"uncont\" ><div class=\"vc_row row-internal row-container boomapps_vcrow\"><div class=\"row col-double-gutter row-child\"><div class=\"wpb_row row-inner\"><div class=\"wpb_column pos-top pos-left align_left column_child col-lg-12 boomapps_vccolumn col-md-50 single-internal-gutter\"><div class=\"uncol style-spec style-dark\" ><div class=\"uncoltable\"><div class=\"uncell  boomapps_vccolumn no-block-padding\" ><div class=\"uncont\" ><div class=\"vc_custom_heading_wrap\"><div class=\"heading-text el-text\" ><h2 class=\"font-weight-400\" ><span><em>Big Data<\/em> Proyectos y <em>AI<\/em> (Inteligencia Artificial)<\/span><\/h2><\/div><div class=\"clear\"><\/div><\/div><div class=\"vc_custom_heading_wrap\"><div class=\"heading-text el-text\" ><h2 class=\"h4 font-weight-400\" ><span>La inteligencia artificial (IA) y el big data son dos de las tecnolog\u00edas que actualmente est\u00e1n impulsando la transformaci\u00f3n de la industria. A estas alturas ya son una realidad aplicable a cualquier negocio. Conocer sus usos en nuestro sector o no puede ser un factor clave en el progreso de la empresa de los pr\u00f3ximos a\u00f1os.<\/p><\/span><span><p>&nbsp;<\/p><\/span><span><p>Tenemos experiencia contrastada en el asesoramiento de startups Blockchain. Nuestro trabajo ha contribuido al \u00e9xito de decenas de millones de euros de financiaci\u00f3n. Gracias a nuestro expertise y en nuestra red de partners podemos cubrir desde las necesidades tecnol\u00f3gicas de las startups de Blockchain hasta los requisitos de marketing o el asesoramiento legal.<\/p><\/span><span><p>&nbsp;<\/p><\/span><span><p>\u00bfSe atreve a poner toda su informaci\u00f3n empresarial dentro de un sistema inteligente? \u00a1Los resultados pueden ser incre\u00edbles!<\/span><\/h2><\/div><div class=\"clear\"><\/div><\/div><\/div><\/div><\/div><\/div><\/div><\/div><\/div><\/div><\/div><\/div><\/div><\/div><\/div><script id=\"script-row-unique-1\" data-row=\"script-row-unique-1\" type=\"text\/javascript\" class=\"vc_controls\">UNCODE.initRow(document.getElementById(\"row-unique-1\"));<\/script><\/div><\/div><\/div>\n<\/div>","protected":false},"excerpt":{"rendered":"Partner of GSR.\u00a0Partner of Yellow.\u00a0Partner of Openware.\u00a0Partner KJunyer Economistes.Partner Bitlegal Tech.ANDBlockchain i Chiang Mai Blockchain CO-Founders.Mentoring a l\u2019incubadora del NIU [...]","protected":false},"author":1,"featured_media":0,"parent":0,"menu_order":0,"comment_status":"closed","ping_status":"closed","template":"","meta":{"footnotes":""},"class_list":["post-78988","page","type-page","status-publish","hentry"],"_links":{"self":[{"href":"https:\/\/www.lausengier.com\/es\/wp-json\/wp\/v2\/pages\/78988","targetHints":{"allow":["GET"]}}],"collection":[{"href":"https:\/\/www.lausengier.com\/es\/wp-json\/wp\/v2\/pages"}],"about":[{"href":"https:\/\/www.lausengier.com\/es\/wp-json\/wp\/v2\/types\/page"}],"author":[{"embeddable":true,"href":"https:\/\/www.lausengier.com\/es\/wp-json\/wp\/v2\/users\/1"}],"replies":[{"embeddable":true,"href":"https:\/\/www.lausengier.com\/es\/wp-json\/wp\/v2\/comments?post=78988"}],"version-history":[{"count":12,"href":"https:\/\/www.lausengier.com\/es\/wp-json\/wp\/v2\/pages\/78988\/revisions"}],"predecessor-version":[{"id":84036,"href":"https:\/\/www.lausengier.com\/es\/wp-json\/wp\/v2\/pages\/78988\/revisions\/84036"}],"wp:attachment":[{"href":"https:\/\/www.lausengier.com\/es\/wp-json\/wp\/v2\/media?parent=78988"}],"curies":[{"name":"wp","href":"https:\/\/api.w.org\/{rel}","templated":true}]}}