{"id":84049,"date":"2022-03-23T11:10:16","date_gmt":"2022-03-23T11:10:16","guid":{"rendered":"https:\/\/www.lausengier.com\/?page_id=84049"},"modified":"2022-06-07T10:34:53","modified_gmt":"2022-06-07T10:34:53","slug":"mobilitat","status":"publish","type":"page","link":"https:\/\/www.lausengier.com\/es\/mobilitat\/","title":{"rendered":"Mobilitat"},"content":{"rendered":"<div class=\"wpb-content-wrapper\"><div data-parent=\"true\" class=\"vc_row row-container boomapps_vcrow\" id=\"row-unique-0\"><div class=\"row limit-width row-parent\"><div class=\"wpb_row row-inner\"><div class=\"wpb_column pos-top pos-center align_left column_parent col-lg-12 boomapps_vccolumn single-internal-gutter\"><div class=\"uncol style-light\"  ><div class=\"uncoltable\"><div class=\"uncell  boomapps_vccolumn no-block-padding\" ><div class=\"uncont\" ><div class=\"empty-space empty-single\" ><span class=\"empty-space-inner\"><\/span><\/div>\n<div class=\"uncode_text_column\" ><\/p>\n<p style=\"text-align: center;\">LAUSENGIER planifica la movilidad de la ciudad de forma integral, junto con todos los agentes implicados y teniendo en cuenta los diferentes medios de transporte privado y colectivo, los desplazamientos a pie, el uso de la bicicleta y el aparcamiento, as\u00ed como sus impactos ambientales.<\/p>\n<p>\n<\/div><div class=\"empty-space empty-double\" ><span class=\"empty-space-inner\"><\/span><\/div>\n<\/div><\/div><\/div><\/div><\/div><script id=\"script-row-unique-0\" data-row=\"script-row-unique-0\" type=\"text\/javascript\" class=\"vc_controls\">UNCODE.initRow(document.getElementById(\"row-unique-0\"));<\/script><\/div><\/div><\/div><div data-parent=\"true\" class=\"vc_row has-bg need-focus style-color-lxmt-bg row-container boomapps_vcrow\" id=\"row-unique-1\"><div class=\"row limit-width row-parent\"><div class=\"wpb_row row-inner\"><div class=\"wpb_column pos-top pos-center align_left column_parent col-lg-12 boomapps_vccolumn single-internal-gutter\"><div class=\"uncol style-light\"  ><div class=\"uncoltable\"><div class=\"uncell  boomapps_vccolumn no-block-padding\" ><div class=\"uncont\" ><div class=\"vc_row row-internal row-container boomapps_vcrow\"><div class=\"row row-child\"><div class=\"wpb_row row-inner\"><div class=\"wpb_column pos-top pos-center align_left column_child col-lg-3 boomapps_vccolumn single-internal-gutter\"><div class=\"uncol style-light\" ><div class=\"uncoltable\"><div class=\"uncell  boomapps_vccolumn no-block-padding\" ><div class=\"uncont\" ><div class=\"vc_custom_heading_wrap\"><div class=\"heading-text el-text\" ><h2 class=\"h2\" ><span>\u00bfComo lo hacemos?<\/span><\/h2><\/div><div class=\"clear\"><\/div><\/div><\/div><\/div><\/div><\/div><\/div><div class=\"wpb_column pos-top pos-center align_left column_child col-lg-9 boomapps_vccolumn single-internal-gutter\"><div class=\"uncol style-light\" ><div class=\"uncoltable\"><div class=\"uncell  boomapps_vccolumn no-block-padding\" ><div class=\"uncont\" ><div class=\"uncode_text_column\" ><\/p>\n<p style=\"text-align: left;\"><span style=\"font-size: 14pt;\"><strong>Modernizaci\u00f3n de la movilidad (Smart Cities)<\/strong><\/span><\/p>\n<p style=\"text-align: left;\">Dise\u00f1amos y evaluamos el efecto del tr\u00e1fico debido a la implementaci\u00f3n de ITS, IoT u otros dispositivos en la infraestructura vial para absorber los aumentos de la demanda o mejorar la calidad del servicio y la toma de decisiones.<\/p>\n<p>&nbsp;<\/p>\n<p style=\"text-align: left;\"><span style=\"font-size: 14pt;\"><strong>Planes de movilidad para empresas (PMSP)<\/strong><\/span><\/p>\n<p style=\"text-align: left;\">Los Planes de Movilidad Sostenible para Administraciones, Entidades P\u00fablicas y Personal de Empresas (PMSP) son una herramienta de gesti\u00f3n para hacer m\u00e1s sostenible y segura la movilidad de trabajadores y visitantes. De acuerdo con la legislaci\u00f3n vigente para la mejora de la calidad del aire, las empresas con m\u00e1s de 100 empleados propios o externos deben tener uno (PMSP). Estos planes se elaboran mediante un proceso metodol\u00f3gico que consta de: diagn\u00f3stico de la movilidad, propuestas de mejora, programa de implantaci\u00f3n y seguimiento del Plan. Los principales objetivos del PMSP son: impulsar la movilidad sostenible, ahorrar el consumo de energ\u00eda, aumentar la seguridad vial e incrementar la productividad y la competitividad.\n\nTraducci\u00f3n realizada con la versi\u00f3n gratuita del traductor www.DeepL.com\/Translator<\/p>\n<p>&nbsp;<\/p>\n<p style=\"text-align: left;\"><span style=\"font-size: 14pt;\"><strong>Planes directores de movilidad<\/strong><\/span><\/p>\n<p style=\"text-align: left;\">Son los instrumentos que garantizan el desarrollo coordinado de las estrategias de gesti\u00f3n de la movilidad a nivel regional. Se aboga por un modelo de movilidad sostenible, con un car\u00e1cter transversal que integre las diferentes disciplinas que act\u00faan sobre la movilidad, con el objetivo de garantizar la accesibilidad b\u00e1sica a todas las personas y que colabore en el principio de facilitar la igualdad de oportunidades para todos los ciudadanos.\n\nTraducci\u00f3n realizada con la versi\u00f3n gratuita del traductor www.DeepL.com\/Translator<\/p>\n<p>&nbsp;<\/p>\n<p style=\"text-align: left;\"><span style=\"font-size: 14pt;\"><strong>Planes de movilidad urbana y estudios de movilidad privada<\/strong><\/span><\/p>\n<p style=\"text-align: left;\">Es una herramienta de primer orden para mejorar la calidad de vida en nuestras ciudades; imprescindible para poder planificar un territorio con calidad, y no s\u00f3lo desde el punto de vista de la movilidad, sino tambi\u00e9n desde el punto de vista medioambiental, urban\u00edstico, social y econ\u00f3mico.<\/p>\n<p style=\"text-align: left;\">Elaboramos planes de movilidad privada para nuevos sectores y actividades urbanas, ya sean comerciales, terciarias, industriales, log\u00edsticas, sanitarias y\/o cualquier tipo de evento, para que las infraestructuras y el transporte p\u00fablico tengan la capacidad de servicio \u00f3ptima para que sean t\u00e9cnica y econ\u00f3micamente viables.<\/p>\n<p>&nbsp;<\/p>\n<p><span style=\"font-size: 14pt;\"><strong>Estudios de impacto en la carretera<\/strong><\/span><\/p>\n<p>Evaluamos el efecto en el tr\u00e1fico debido a los cambios en la infraestructura vial o al aumento de la demanda.<\/p>\n<\/div><\/div><\/div><\/div><\/div><\/div><\/div><\/div><\/div><\/div><\/div><\/div><\/div><\/div><script id=\"script-row-unique-1\" data-row=\"script-row-unique-1\" type=\"text\/javascript\" class=\"vc_controls\">UNCODE.initRow(document.getElementById(\"row-unique-1\"));<\/script><\/div><\/div><\/div><div data-parent=\"true\" class=\"vc_row has-bg need-focus style-color-105272-bg row-container boomapps_vcrow\" id=\"row-unique-2\"><div class=\"row-background background-element\">\n\t\t\t\t\t\t\t\t\t\t\t<div class=\"background-wrapper\">\n\t\t\t\t\t\t\t\t\t\t\t\t<div class=\"background-inner\" style=\"background-image: url(https:\/\/www.lausengier.com\/wp-content\/uploads\/2022\/03\/contact_background.jpg);background-repeat: no-repeat;background-position: center center;background-attachment: scroll;background-size: cover;\"><\/div>\n\t\t\t\t\t\t\t\t\t\t\t\t\n\t\t\t\t\t\t\t\t\t\t\t<\/div>\n\t\t\t\t\t\t\t\t\t\t<\/div><div class=\"row limit-width row-parent\" data-height-ratio=\"90\"><div class=\"wpb_row row-inner\"><div class=\"wpb_column pos-middle pos-center align_center column_parent col-lg-12 boomapps_vccolumn single-internal-gutter\"><div class=\"uncol style-spec style-dark\"  ><div class=\"uncoltable\"><div class=\"uncell  boomapps_vccolumn no-block-padding\" ><div class=\"uncont\" ><div class=\"vc_custom_heading_wrap\"><div class=\"heading-text el-text\" ><h2 class=\"h2\" ><span><span style=\"font-size: 24pt;\">Cu\u00e9ntanos tu idea<\/span><\/span><\/h2><\/div><div class=\"clear\"><\/div><\/div><div class=\"uncode_text_column\" ><\/p>\n<p style=\"text-align: center;\"><span style=\"font-size: 12pt;\">Nos pondremos en contacto contigo para conocer tu proyecto<\/span><\/p>\n<p>\n<\/div><span class=\"btn-container\" ><a role=\"button\"  href=\"https:\/\/www.lausengier.com\/es\/contacte\/\" class=\"custom-link btn btn-xl border-width-0 btn-default btn-icon-left\" title=\"Contacto\" target=\"_blank\">Cont\u00e1ctanos<\/a><\/span><\/div><\/div><\/div><\/div><\/div><script id=\"script-row-unique-2\" data-row=\"script-row-unique-2\" type=\"text\/javascript\" class=\"vc_controls\">UNCODE.initRow(document.getElementById(\"row-unique-2\"));<\/script><\/div><\/div><\/div>\n<\/div>","protected":false},"excerpt":{"rendered":"LAUSENGIER plans the mobility of the city in a comprehensive way, together with all the agents involved and taking into [...]","protected":false},"author":1,"featured_media":0,"parent":0,"menu_order":0,"comment_status":"closed","ping_status":"closed","template":"","meta":{"footnotes":""},"class_list":["post-84049","page","type-page","status-publish","hentry"],"_links":{"self":[{"href":"https:\/\/www.lausengier.com\/es\/wp-json\/wp\/v2\/pages\/84049","targetHints":{"allow":["GET"]}}],"collection":[{"href":"https:\/\/www.lausengier.com\/es\/wp-json\/wp\/v2\/pages"}],"about":[{"href":"https:\/\/www.lausengier.com\/es\/wp-json\/wp\/v2\/types\/page"}],"author":[{"embeddable":true,"href":"https:\/\/www.lausengier.com\/es\/wp-json\/wp\/v2\/users\/1"}],"replies":[{"embeddable":true,"href":"https:\/\/www.lausengier.com\/es\/wp-json\/wp\/v2\/comments?post=84049"}],"version-history":[{"count":12,"href":"https:\/\/www.lausengier.com\/es\/wp-json\/wp\/v2\/pages\/84049\/revisions"}],"predecessor-version":[{"id":103222,"href":"https:\/\/www.lausengier.com\/es\/wp-json\/wp\/v2\/pages\/84049\/revisions\/103222"}],"wp:attachment":[{"href":"https:\/\/www.lausengier.com\/es\/wp-json\/wp\/v2\/media?parent=84049"}],"curies":[{"name":"wp","href":"https:\/\/api.w.org\/{rel}","templated":true}]}}